{"id":22665,"date":"2023-03-01T16:34:25","date_gmt":"2023-03-01T16:34:25","guid":{"rendered":"https:\/\/xometry.com.tr\/havacilik-ve-uzay-endustrisi\/"},"modified":"2026-03-17T16:32:05","modified_gmt":"2026-03-17T16:32:05","slug":"aerospace-industry","status":"publish","type":"page","link":"https:\/\/xometry.com.tr\/en\/aerospace-industry\/","title":{"rendered":"Aerospace Industry"},"content":{"rendered":"","protected":false},"excerpt":{"rendered":"","protected":false},"author":10,"featured_media":0,"parent":0,"menu_order":0,"comment_status":"closed","ping_status":"closed","template":"","meta":{"_acf_changed":false,"inline_featured_image":false,"footnotes":""},"class_list":["post-22665","page","type-page","status-publish","hentry"],"acf":[],"yoast_head":"<!-- This site is optimized with the Yoast SEO Premium plugin v20.5 (Yoast SEO v27.1.1) - https:\/\/yoast.com\/product\/yoast-seo-premium-wordpress\/ -->\n<title>Havac\u0131l\u0131k ve Uzay Sekt\u00f6r\u00fc \u0130\u00e7in \u00dcretim | Xometry T\u00fcrkiye<\/title>\n<meta name=\"description\" content=\"Xometry olarak havac\u0131l\u0131k ve uzay end\u00fcstrilerinde \u00fcr\u00fcn geli\u015ftiren firmalara geni\u015f \u00fcretim teknolojisi ve malzeme se\u00e7enekleri ile hizmet sa\u011fl\u0131yoruz.\" \/>\n<meta name=\"robots\" content=\"index, follow, max-snippet:-1, max-image-preview:large, max-video-preview:-1\" \/>\n<link rel=\"canonical\" href=\"https:\/\/xometry.com.tr\/en\/aerospace-industry\/\" \/>\n<meta property=\"og:locale\" content=\"en_US\" \/>\n<meta property=\"og:type\" content=\"article\" \/>\n<meta property=\"og:title\" content=\"Aerospace Industry\" \/>\n<meta property=\"og:description\" content=\"Xometry olarak havac\u0131l\u0131k ve uzay end\u00fcstrilerinde \u00fcr\u00fcn geli\u015ftiren firmalara geni\u015f \u00fcretim teknolojisi ve malzeme se\u00e7enekleri ile hizmet sa\u011fl\u0131yoruz.\" \/>\n<meta property=\"og:url\" content=\"https:\/\/xometry.com.tr\/en\/aerospace-industry\/\" \/>\n<meta property=\"og:site_name\" content=\"Xometry T\u00fcrkiye\" \/>\n<meta property=\"article:modified_time\" content=\"2026-03-17T16:32:05+00:00\" \/>\n<meta name=\"twitter:card\" content=\"summary_large_image\" \/>\n<script type=\"application\/ld+json\" class=\"yoast-schema-graph\">{\"@context\":\"https:\/\/schema.org\",\"@graph\":[{\"@type\":\"WebPage\",\"@id\":\"https:\/\/xometry.com.tr\/en\/aerospace-industry\/\",\"url\":\"https:\/\/xometry.com.tr\/en\/aerospace-industry\/\",\"name\":\"Havac\u0131l\u0131k ve Uzay Sekt\u00f6r\u00fc \u0130\u00e7in \u00dcretim | Xometry T\u00fcrkiye\",\"isPartOf\":{\"@id\":\"https:\/\/xometry.com.tr\/en\/#website\"},\"datePublished\":\"2023-03-01T16:34:25+00:00\",\"dateModified\":\"2026-03-17T16:32:05+00:00\",\"description\":\"Xometry olarak havac\u0131l\u0131k ve uzay end\u00fcstrilerinde \u00fcr\u00fcn geli\u015ftiren firmalara geni\u015f \u00fcretim teknolojisi ve malzeme se\u00e7enekleri ile hizmet sa\u011fl\u0131yoruz.\",\"breadcrumb\":{\"@id\":\"https:\/\/xometry.com.tr\/en\/aerospace-industry\/#breadcrumb\"},\"inLanguage\":\"en-US\",\"potentialAction\":[{\"@type\":\"ReadAction\",\"target\":[\"https:\/\/xometry.com.tr\/en\/aerospace-industry\/\"]}]},{\"@type\":\"BreadcrumbList\",\"@id\":\"https:\/\/xometry.com.tr\/en\/aerospace-industry\/#breadcrumb\",\"itemListElement\":[{\"@type\":\"ListItem\",\"position\":1,\"name\":\"Home\",\"item\":\"https:\/\/xometry.com.tr\/en\/\"},{\"@type\":\"ListItem\",\"position\":2,\"name\":\"Aerospace Industry\"}]},{\"@type\":\"WebSite\",\"@id\":\"https:\/\/xometry.com.tr\/en\/#website\",\"url\":\"https:\/\/xometry.com.tr\/en\/\",\"name\":\"Xometry T\u00fcrkiye\",\"description\":\"\",\"potentialAction\":[{\"@type\":\"SearchAction\",\"target\":{\"@type\":\"EntryPoint\",\"urlTemplate\":\"https:\/\/xometry.com.tr\/en\/?s={search_term_string}\"},\"query-input\":{\"@type\":\"PropertyValueSpecification\",\"valueRequired\":true,\"valueName\":\"search_term_string\"}}],\"inLanguage\":\"en-US\"}]}<\/script>\n<!-- \/ Yoast SEO Premium plugin. -->","yoast_head_json":{"title":"Havac\u0131l\u0131k ve Uzay Sekt\u00f6r\u00fc \u0130\u00e7in \u00dcretim | Xometry T\u00fcrkiye","description":"Xometry olarak havac\u0131l\u0131k ve uzay end\u00fcstrilerinde \u00fcr\u00fcn geli\u015ftiren firmalara geni\u015f \u00fcretim teknolojisi ve malzeme se\u00e7enekleri ile hizmet sa\u011fl\u0131yoruz.","robots":{"index":"index","follow":"follow","max-snippet":"max-snippet:-1","max-image-preview":"max-image-preview:large","max-video-preview":"max-video-preview:-1"},"canonical":"https:\/\/xometry.com.tr\/en\/aerospace-industry\/","og_locale":"en_US","og_type":"article","og_title":"Aerospace Industry","og_description":"Xometry olarak havac\u0131l\u0131k ve uzay end\u00fcstrilerinde \u00fcr\u00fcn geli\u015ftiren firmalara geni\u015f \u00fcretim teknolojisi ve malzeme se\u00e7enekleri ile hizmet sa\u011fl\u0131yoruz.","og_url":"https:\/\/xometry.com.tr\/en\/aerospace-industry\/","og_site_name":"Xometry T\u00fcrkiye","article_modified_time":"2026-03-17T16:32:05+00:00","twitter_card":"summary_large_image","schema":{"@context":"https:\/\/schema.org","@graph":[{"@type":"WebPage","@id":"https:\/\/xometry.com.tr\/en\/aerospace-industry\/","url":"https:\/\/xometry.com.tr\/en\/aerospace-industry\/","name":"Havac\u0131l\u0131k ve Uzay Sekt\u00f6r\u00fc \u0130\u00e7in \u00dcretim | Xometry T\u00fcrkiye","isPartOf":{"@id":"https:\/\/xometry.com.tr\/en\/#website"},"datePublished":"2023-03-01T16:34:25+00:00","dateModified":"2026-03-17T16:32:05+00:00","description":"Xometry olarak havac\u0131l\u0131k ve uzay end\u00fcstrilerinde \u00fcr\u00fcn geli\u015ftiren firmalara geni\u015f \u00fcretim teknolojisi ve malzeme se\u00e7enekleri ile hizmet sa\u011fl\u0131yoruz.","breadcrumb":{"@id":"https:\/\/xometry.com.tr\/en\/aerospace-industry\/#breadcrumb"},"inLanguage":"en-US","potentialAction":[{"@type":"ReadAction","target":["https:\/\/xometry.com.tr\/en\/aerospace-industry\/"]}]},{"@type":"BreadcrumbList","@id":"https:\/\/xometry.com.tr\/en\/aerospace-industry\/#breadcrumb","itemListElement":[{"@type":"ListItem","position":1,"name":"Home","item":"https:\/\/xometry.com.tr\/en\/"},{"@type":"ListItem","position":2,"name":"Aerospace Industry"}]},{"@type":"WebSite","@id":"https:\/\/xometry.com.tr\/en\/#website","url":"https:\/\/xometry.com.tr\/en\/","name":"Xometry T\u00fcrkiye","description":"","potentialAction":[{"@type":"SearchAction","target":{"@type":"EntryPoint","urlTemplate":"https:\/\/xometry.com.tr\/en\/?s={search_term_string}"},"query-input":{"@type":"PropertyValueSpecification","valueRequired":true,"valueName":"search_term_string"}}],"inLanguage":"en-US"}]}},"_links":{"self":[{"href":"https:\/\/xometry.com.tr\/en\/wp-json\/wp\/v2\/pages\/22665","targetHints":{"allow":["GET"]}}],"collection":[{"href":"https:\/\/xometry.com.tr\/en\/wp-json\/wp\/v2\/pages"}],"about":[{"href":"https:\/\/xometry.com.tr\/en\/wp-json\/wp\/v2\/types\/page"}],"author":[{"embeddable":true,"href":"https:\/\/xometry.com.tr\/en\/wp-json\/wp\/v2\/users\/10"}],"replies":[{"embeddable":true,"href":"https:\/\/xometry.com.tr\/en\/wp-json\/wp\/v2\/comments?post=22665"}],"version-history":[{"count":10,"href":"https:\/\/xometry.com.tr\/en\/wp-json\/wp\/v2\/pages\/22665\/revisions"}],"predecessor-version":[{"id":38683,"href":"https:\/\/xometry.com.tr\/en\/wp-json\/wp\/v2\/pages\/22665\/revisions\/38683"}],"wp:attachment":[{"href":"https:\/\/xometry.com.tr\/en\/wp-json\/wp\/v2\/media?parent=22665"}],"curies":[{"name":"wp","href":"https:\/\/api.w.org\/{rel}","templated":true}]}}