{"id":22705,"date":"2023-01-16T13:56:20","date_gmt":"2023-01-16T13:56:20","guid":{"rendered":"https:\/\/xometry.com.tr\/partner-ol\/"},"modified":"2025-05-27T07:20:48","modified_gmt":"2025-05-27T07:20:48","slug":"partner-ol","status":"publish","type":"page","link":"https:\/\/xometry.com.tr\/en\/partner-ol\/","title":{"rendered":"Become Manufacturing Partner"},"content":{"rendered":"","protected":false},"excerpt":{"rendered":"","protected":false},"author":11,"featured_media":0,"parent":0,"menu_order":0,"comment_status":"closed","ping_status":"closed","template":"","meta":{"_acf_changed":false,"inline_featured_image":false,"footnotes":""},"class_list":["post-22705","page","type-page","status-publish","hentry"],"acf":[],"yoast_head":"<!-- This site is optimized with the Yoast SEO Premium plugin v20.5 (Yoast SEO v27.1.1) - https:\/\/yoast.com\/product\/yoast-seo-premium-wordpress\/ -->\n<title>Xometry Partner A\u011f\u0131 | Her g\u00fcn yeni \u00fcretim sipari\u015fleri | Xometry T\u00fcrkiye<\/title>\n<meta name=\"description\" content=\"Xometry, Avrupa ve T\u00fcrkiye\u2019nin en geni\u015f CNC i\u015fleme, Sac Metal, Enjeksiyon &amp; Silikon Kal\u0131plama ve 3D Bask\u0131 \u00fcretim a\u011f\u0131d\u0131r.\" \/>\n<meta name=\"robots\" content=\"index, follow, max-snippet:-1, max-image-preview:large, max-video-preview:-1\" \/>\n<link rel=\"canonical\" href=\"https:\/\/xometry.com.tr\/en\/partner-ol\/\" \/>\n<meta property=\"og:locale\" content=\"en_US\" \/>\n<meta property=\"og:type\" content=\"article\" \/>\n<meta property=\"og:title\" content=\"Become Manufacturing Partner\" \/>\n<meta property=\"og:description\" content=\"Xometry, Avrupa ve T\u00fcrkiye\u2019nin en geni\u015f CNC i\u015fleme, Sac Metal, Enjeksiyon &amp; Silikon Kal\u0131plama ve 3D Bask\u0131 \u00fcretim a\u011f\u0131d\u0131r.\" \/>\n<meta property=\"og:url\" content=\"https:\/\/xometry.com.tr\/en\/partner-ol\/\" \/>\n<meta property=\"og:site_name\" content=\"Xometry T\u00fcrkiye\" \/>\n<meta property=\"article:modified_time\" content=\"2025-05-27T07:20:48+00:00\" \/>\n<meta name=\"twitter:card\" content=\"summary_large_image\" \/>\n<script type=\"application\/ld+json\" class=\"yoast-schema-graph\">{\"@context\":\"https:\/\/schema.org\",\"@graph\":[{\"@type\":\"WebPage\",\"@id\":\"https:\/\/xometry.com.tr\/en\/partner-ol\/\",\"url\":\"https:\/\/xometry.com.tr\/en\/partner-ol\/\",\"name\":\"Xometry Partner A\u011f\u0131 | Her g\u00fcn yeni \u00fcretim sipari\u015fleri | Xometry T\u00fcrkiye\",\"isPartOf\":{\"@id\":\"https:\/\/xometry.com.tr\/en\/#website\"},\"datePublished\":\"2023-01-16T13:56:20+00:00\",\"dateModified\":\"2025-05-27T07:20:48+00:00\",\"description\":\"Xometry, Avrupa ve T\u00fcrkiye\u2019nin en geni\u015f CNC i\u015fleme, Sac Metal, Enjeksiyon & Silikon Kal\u0131plama ve 3D Bask\u0131 \u00fcretim a\u011f\u0131d\u0131r.\",\"breadcrumb\":{\"@id\":\"https:\/\/xometry.com.tr\/en\/partner-ol\/#breadcrumb\"},\"inLanguage\":\"en-US\",\"potentialAction\":[{\"@type\":\"ReadAction\",\"target\":[\"https:\/\/xometry.com.tr\/en\/partner-ol\/\"]}]},{\"@type\":\"BreadcrumbList\",\"@id\":\"https:\/\/xometry.com.tr\/en\/partner-ol\/#breadcrumb\",\"itemListElement\":[{\"@type\":\"ListItem\",\"position\":1,\"name\":\"Home\",\"item\":\"https:\/\/xometry.com.tr\/en\/\"},{\"@type\":\"ListItem\",\"position\":2,\"name\":\"Become Manufacturing Partner\"}]},{\"@type\":\"WebSite\",\"@id\":\"https:\/\/xometry.com.tr\/en\/#website\",\"url\":\"https:\/\/xometry.com.tr\/en\/\",\"name\":\"Xometry T\u00fcrkiye\",\"description\":\"\",\"potentialAction\":[{\"@type\":\"SearchAction\",\"target\":{\"@type\":\"EntryPoint\",\"urlTemplate\":\"https:\/\/xometry.com.tr\/en\/?s={search_term_string}\"},\"query-input\":{\"@type\":\"PropertyValueSpecification\",\"valueRequired\":true,\"valueName\":\"search_term_string\"}}],\"inLanguage\":\"en-US\"}]}<\/script>\n<!-- \/ Yoast SEO Premium plugin. -->","yoast_head_json":{"title":"Xometry Partner A\u011f\u0131 | Her g\u00fcn yeni \u00fcretim sipari\u015fleri | Xometry T\u00fcrkiye","description":"Xometry, Avrupa ve T\u00fcrkiye\u2019nin en geni\u015f CNC i\u015fleme, Sac Metal, Enjeksiyon & Silikon Kal\u0131plama ve 3D Bask\u0131 \u00fcretim a\u011f\u0131d\u0131r.","robots":{"index":"index","follow":"follow","max-snippet":"max-snippet:-1","max-image-preview":"max-image-preview:large","max-video-preview":"max-video-preview:-1"},"canonical":"https:\/\/xometry.com.tr\/en\/partner-ol\/","og_locale":"en_US","og_type":"article","og_title":"Become Manufacturing Partner","og_description":"Xometry, Avrupa ve T\u00fcrkiye\u2019nin en geni\u015f CNC i\u015fleme, Sac Metal, Enjeksiyon & Silikon Kal\u0131plama ve 3D Bask\u0131 \u00fcretim a\u011f\u0131d\u0131r.","og_url":"https:\/\/xometry.com.tr\/en\/partner-ol\/","og_site_name":"Xometry T\u00fcrkiye","article_modified_time":"2025-05-27T07:20:48+00:00","twitter_card":"summary_large_image","schema":{"@context":"https:\/\/schema.org","@graph":[{"@type":"WebPage","@id":"https:\/\/xometry.com.tr\/en\/partner-ol\/","url":"https:\/\/xometry.com.tr\/en\/partner-ol\/","name":"Xometry Partner A\u011f\u0131 | Her g\u00fcn yeni \u00fcretim sipari\u015fleri | Xometry T\u00fcrkiye","isPartOf":{"@id":"https:\/\/xometry.com.tr\/en\/#website"},"datePublished":"2023-01-16T13:56:20+00:00","dateModified":"2025-05-27T07:20:48+00:00","description":"Xometry, Avrupa ve T\u00fcrkiye\u2019nin en geni\u015f CNC i\u015fleme, Sac Metal, Enjeksiyon & Silikon Kal\u0131plama ve 3D Bask\u0131 \u00fcretim a\u011f\u0131d\u0131r.","breadcrumb":{"@id":"https:\/\/xometry.com.tr\/en\/partner-ol\/#breadcrumb"},"inLanguage":"en-US","potentialAction":[{"@type":"ReadAction","target":["https:\/\/xometry.com.tr\/en\/partner-ol\/"]}]},{"@type":"BreadcrumbList","@id":"https:\/\/xometry.com.tr\/en\/partner-ol\/#breadcrumb","itemListElement":[{"@type":"ListItem","position":1,"name":"Home","item":"https:\/\/xometry.com.tr\/en\/"},{"@type":"ListItem","position":2,"name":"Become Manufacturing Partner"}]},{"@type":"WebSite","@id":"https:\/\/xometry.com.tr\/en\/#website","url":"https:\/\/xometry.com.tr\/en\/","name":"Xometry T\u00fcrkiye","description":"","potentialAction":[{"@type":"SearchAction","target":{"@type":"EntryPoint","urlTemplate":"https:\/\/xometry.com.tr\/en\/?s={search_term_string}"},"query-input":{"@type":"PropertyValueSpecification","valueRequired":true,"valueName":"search_term_string"}}],"inLanguage":"en-US"}]}},"_links":{"self":[{"href":"https:\/\/xometry.com.tr\/en\/wp-json\/wp\/v2\/pages\/22705","targetHints":{"allow":["GET"]}}],"collection":[{"href":"https:\/\/xometry.com.tr\/en\/wp-json\/wp\/v2\/pages"}],"about":[{"href":"https:\/\/xometry.com.tr\/en\/wp-json\/wp\/v2\/types\/page"}],"author":[{"embeddable":true,"href":"https:\/\/xometry.com.tr\/en\/wp-json\/wp\/v2\/users\/11"}],"replies":[{"embeddable":true,"href":"https:\/\/xometry.com.tr\/en\/wp-json\/wp\/v2\/comments?post=22705"}],"version-history":[{"count":17,"href":"https:\/\/xometry.com.tr\/en\/wp-json\/wp\/v2\/pages\/22705\/revisions"}],"predecessor-version":[{"id":37244,"href":"https:\/\/xometry.com.tr\/en\/wp-json\/wp\/v2\/pages\/22705\/revisions\/37244"}],"wp:attachment":[{"href":"https:\/\/xometry.com.tr\/en\/wp-json\/wp\/v2\/media?parent=22705"}],"curies":[{"name":"wp","href":"https:\/\/api.w.org\/{rel}","templated":true}]}}