{"id":1494,"date":"2023-01-16T13:20:21","date_gmt":"2023-01-16T13:20:21","guid":{"rendered":"http:\/\/staging_wp.xometry.com.tr\/cnc-machining\/"},"modified":"2024-10-23T07:57:17","modified_gmt":"2024-10-23T07:57:17","slug":"cnc-isleme-old","status":"publish","type":"page","link":"https:\/\/xometry.com.tr\/tr\/cnc-isleme-old\/","title":{"rendered":"CNC \u0130\u015fleme old"},"content":{"rendered":"","protected":false},"excerpt":{"rendered":"","protected":false},"author":11,"featured_media":0,"parent":0,"menu_order":0,"comment_status":"closed","ping_status":"closed","template":"","meta":{"_acf_changed":false,"inline_featured_image":false,"footnotes":""},"class_list":["post-1494","page","type-page","status-publish","hentry"],"acf":[],"yoast_head":"<!-- This site is optimized with the Yoast SEO Premium plugin v20.5 (Yoast SEO v27.1.1) - https:\/\/yoast.com\/product\/yoast-seo-premium-wordpress\/ -->\n<title>Online CNC \u0130\u015fleme Hizmeti | Xometry T\u00fcrkiye<\/title>\n<meta name=\"description\" content=\"CNC torna, CNC dik i\u015flem ve EDM s\u00fcre\u00e7leriyle prototiplemeden seri \u00fcretime online CNC i\u015fleme hizmetleri sunuyoruz. Xometry ile anl\u0131k fiyat teklifi olu\u015fturun.\" \/>\n<meta name=\"robots\" content=\"index, follow, max-snippet:-1, max-image-preview:large, max-video-preview:-1\" \/>\n<link rel=\"canonical\" href=\"https:\/\/xometry.com.tr\/tr\/cnc-isleme-old\/\" \/>\n<meta property=\"og:locale\" content=\"tr_TR\" \/>\n<meta property=\"og:type\" content=\"article\" \/>\n<meta property=\"og:title\" content=\"Online CNC \u0130\u015fleme Hizmeti | Xometry T\u00fcrkiye\" \/>\n<meta property=\"og:description\" content=\"Xometry olarak CNC torna, CNC dik i\u015flem ve EDM s\u00fcre\u00e7leriyle prototiplemeden seri \u00fcretime online CNC i\u015fleme hizmetleri sunuyoruz. | 2D &amp; 3D modelinizi y\u00fckleyin, Xometry ile anl\u0131k fiyat teklifi olu\u015fturun.\" \/>\n<meta property=\"og:url\" content=\"https:\/\/xometry.com.tr\/tr\/cnc-isleme-old\/\" \/>\n<meta property=\"og:site_name\" content=\"Xometry T\u00fcrkiye\" \/>\n<meta property=\"article:modified_time\" content=\"2024-10-23T07:57:17+00:00\" \/>\n<meta property=\"og:image\" content=\"https:\/\/xometry.com.tr\/wp-content\/uploads\/sites\/3\/2023\/09\/TR-CNC-Machining-service-page.jpg\" \/>\n\t<meta property=\"og:image:width\" content=\"2400\" \/>\n\t<meta property=\"og:image:height\" content=\"1230\" \/>\n\t<meta property=\"og:image:type\" content=\"image\/jpeg\" \/>\n<meta name=\"twitter:card\" content=\"summary_large_image\" \/>\n<meta name=\"twitter:title\" content=\"Online CNC \u0130\u015fleme Hizmeti | Xometry T\u00fcrkiye\" \/>\n<meta name=\"twitter:description\" content=\"Xometry olarak CNC torna, CNC dik i\u015flem ve EDM s\u00fcre\u00e7leriyle prototiplemeden seri \u00fcretime online CNC i\u015fleme hizmetleri sunuyoruz. | 2D &amp; 3D modelinizi y\u00fckleyin, Xometry ile anl\u0131k fiyat teklifi olu\u015fturun.\" \/>\n<meta name=\"twitter:image\" content=\"https:\/\/xometry.com.tr\/wp-content\/uploads\/sites\/3\/2023\/09\/TR-CNC-Machining-service-page.jpg\" \/>\n<script type=\"application\/ld+json\" class=\"yoast-schema-graph\">{\"@context\":\"https:\/\/schema.org\",\"@graph\":[{\"@type\":\"WebPage\",\"@id\":\"https:\/\/xometry.com.tr\/tr\/cnc-isleme-old\/\",\"url\":\"https:\/\/xometry.com.tr\/tr\/cnc-isleme-old\/\",\"name\":\"Online CNC \u0130\u015fleme Hizmeti | Xometry T\u00fcrkiye\",\"isPartOf\":{\"@id\":\"https:\/\/xometry.com.tr\/tr\/#website\"},\"datePublished\":\"2023-01-16T13:20:21+00:00\",\"dateModified\":\"2024-10-23T07:57:17+00:00\",\"description\":\"CNC torna, CNC dik i\u015flem ve EDM s\u00fcre\u00e7leriyle prototiplemeden seri \u00fcretime online CNC i\u015fleme hizmetleri sunuyoruz. Xometry ile anl\u0131k fiyat teklifi olu\u015fturun.\",\"breadcrumb\":{\"@id\":\"https:\/\/xometry.com.tr\/tr\/cnc-isleme-old\/#breadcrumb\"},\"inLanguage\":\"tr\",\"potentialAction\":[{\"@type\":\"ReadAction\",\"target\":[\"https:\/\/xometry.com.tr\/tr\/cnc-isleme-old\/\"]}]},{\"@type\":\"BreadcrumbList\",\"@id\":\"https:\/\/xometry.com.tr\/tr\/cnc-isleme-old\/#breadcrumb\",\"itemListElement\":[{\"@type\":\"ListItem\",\"position\":1,\"name\":\"Home\",\"item\":\"https:\/\/xometry.com.tr\/tr\/\"},{\"@type\":\"ListItem\",\"position\":2,\"name\":\"CNC \u0130\u015fleme\"}]},{\"@type\":\"WebSite\",\"@id\":\"https:\/\/xometry.com.tr\/tr\/#website\",\"url\":\"https:\/\/xometry.com.tr\/tr\/\",\"name\":\"Xometry T\u00fcrkiye\",\"description\":\"\",\"potentialAction\":[{\"@type\":\"SearchAction\",\"target\":{\"@type\":\"EntryPoint\",\"urlTemplate\":\"https:\/\/xometry.com.tr\/tr\/?s={search_term_string}\"},\"query-input\":{\"@type\":\"PropertyValueSpecification\",\"valueRequired\":true,\"valueName\":\"search_term_string\"}}],\"inLanguage\":\"tr\"}]}<\/script>\n<!-- \/ Yoast SEO Premium plugin. -->","yoast_head_json":{"title":"Online CNC \u0130\u015fleme Hizmeti | Xometry T\u00fcrkiye","description":"CNC torna, CNC dik i\u015flem ve EDM s\u00fcre\u00e7leriyle prototiplemeden seri \u00fcretime online CNC i\u015fleme hizmetleri sunuyoruz. Xometry ile anl\u0131k fiyat teklifi olu\u015fturun.","robots":{"index":"index","follow":"follow","max-snippet":"max-snippet:-1","max-image-preview":"max-image-preview:large","max-video-preview":"max-video-preview:-1"},"canonical":"https:\/\/xometry.com.tr\/tr\/cnc-isleme-old\/","og_locale":"tr_TR","og_type":"article","og_title":"Online CNC \u0130\u015fleme Hizmeti | Xometry T\u00fcrkiye","og_description":"Xometry olarak CNC torna, CNC dik i\u015flem ve EDM s\u00fcre\u00e7leriyle prototiplemeden seri \u00fcretime online CNC i\u015fleme hizmetleri sunuyoruz. | 2D & 3D modelinizi y\u00fckleyin, Xometry ile anl\u0131k fiyat teklifi olu\u015fturun.","og_url":"https:\/\/xometry.com.tr\/tr\/cnc-isleme-old\/","og_site_name":"Xometry T\u00fcrkiye","article_modified_time":"2024-10-23T07:57:17+00:00","og_image":[{"width":2400,"height":1230,"url":"https:\/\/xometry.com.tr\/wp-content\/uploads\/sites\/3\/2023\/09\/TR-CNC-Machining-service-page.jpg","type":"image\/jpeg"}],"twitter_card":"summary_large_image","twitter_title":"Online CNC \u0130\u015fleme Hizmeti | Xometry T\u00fcrkiye","twitter_description":"Xometry olarak CNC torna, CNC dik i\u015flem ve EDM s\u00fcre\u00e7leriyle prototiplemeden seri \u00fcretime online CNC i\u015fleme hizmetleri sunuyoruz. | 2D & 3D modelinizi y\u00fckleyin, Xometry ile anl\u0131k fiyat teklifi olu\u015fturun.","twitter_image":"https:\/\/xometry.com.tr\/wp-content\/uploads\/sites\/3\/2023\/09\/TR-CNC-Machining-service-page.jpg","schema":{"@context":"https:\/\/schema.org","@graph":[{"@type":"WebPage","@id":"https:\/\/xometry.com.tr\/tr\/cnc-isleme-old\/","url":"https:\/\/xometry.com.tr\/tr\/cnc-isleme-old\/","name":"Online CNC \u0130\u015fleme Hizmeti | Xometry T\u00fcrkiye","isPartOf":{"@id":"https:\/\/xometry.com.tr\/tr\/#website"},"datePublished":"2023-01-16T13:20:21+00:00","dateModified":"2024-10-23T07:57:17+00:00","description":"CNC torna, CNC dik i\u015flem ve EDM s\u00fcre\u00e7leriyle prototiplemeden seri \u00fcretime online CNC i\u015fleme hizmetleri sunuyoruz. Xometry ile anl\u0131k fiyat teklifi olu\u015fturun.","breadcrumb":{"@id":"https:\/\/xometry.com.tr\/tr\/cnc-isleme-old\/#breadcrumb"},"inLanguage":"tr","potentialAction":[{"@type":"ReadAction","target":["https:\/\/xometry.com.tr\/tr\/cnc-isleme-old\/"]}]},{"@type":"BreadcrumbList","@id":"https:\/\/xometry.com.tr\/tr\/cnc-isleme-old\/#breadcrumb","itemListElement":[{"@type":"ListItem","position":1,"name":"Home","item":"https:\/\/xometry.com.tr\/tr\/"},{"@type":"ListItem","position":2,"name":"CNC \u0130\u015fleme"}]},{"@type":"WebSite","@id":"https:\/\/xometry.com.tr\/tr\/#website","url":"https:\/\/xometry.com.tr\/tr\/","name":"Xometry T\u00fcrkiye","description":"","potentialAction":[{"@type":"SearchAction","target":{"@type":"EntryPoint","urlTemplate":"https:\/\/xometry.com.tr\/tr\/?s={search_term_string}"},"query-input":{"@type":"PropertyValueSpecification","valueRequired":true,"valueName":"search_term_string"}}],"inLanguage":"tr"}]}},"_links":{"self":[{"href":"https:\/\/xometry.com.tr\/tr\/wp-json\/wp\/v2\/pages\/1494","targetHints":{"allow":["GET"]}}],"collection":[{"href":"https:\/\/xometry.com.tr\/tr\/wp-json\/wp\/v2\/pages"}],"about":[{"href":"https:\/\/xometry.com.tr\/tr\/wp-json\/wp\/v2\/types\/page"}],"author":[{"embeddable":true,"href":"https:\/\/xometry.com.tr\/tr\/wp-json\/wp\/v2\/users\/11"}],"replies":[{"embeddable":true,"href":"https:\/\/xometry.com.tr\/tr\/wp-json\/wp\/v2\/comments?post=1494"}],"version-history":[{"count":61,"href":"https:\/\/xometry.com.tr\/tr\/wp-json\/wp\/v2\/pages\/1494\/revisions"}],"predecessor-version":[{"id":35070,"href":"https:\/\/xometry.com.tr\/tr\/wp-json\/wp\/v2\/pages\/1494\/revisions\/35070"}],"wp:attachment":[{"href":"https:\/\/xometry.com.tr\/tr\/wp-json\/wp\/v2\/media?parent=1494"}],"curies":[{"name":"wp","href":"https:\/\/api.w.org\/{rel}","templated":true}]}}