{"id":22139,"date":"2023-02-28T16:55:56","date_gmt":"2023-02-28T16:55:56","guid":{"rendered":"http:\/\/staging_wp.xometry.com.tr\/?page_id=22139"},"modified":"2026-03-16T12:48:35","modified_gmt":"2026-03-16T12:48:35","slug":"silikon-kaliplama","status":"publish","type":"page","link":"https:\/\/xometry.com.tr\/tr\/silikon-kaliplama\/","title":{"rendered":"Silikon Kal\u0131plama"},"content":{"rendered":"","protected":false},"excerpt":{"rendered":"","protected":false},"author":10,"featured_media":0,"parent":0,"menu_order":0,"comment_status":"closed","ping_status":"closed","template":"","meta":{"_acf_changed":false,"inline_featured_image":false,"footnotes":""},"class_list":["post-22139","page","type-page","status-publish","hentry"],"acf":[],"yoast_head":"<!-- This site is optimized with the Yoast SEO Premium plugin v20.5 (Yoast SEO v27.1.1) - https:\/\/yoast.com\/product\/yoast-seo-premium-wordpress\/ -->\n<title>Online Silikon Kal\u0131plama Hizmeti | Xometry T\u00fcrkiye<\/title>\n<meta name=\"description\" content=\"Xometry T\u00fcrkiye, d\u00fc\u015f\u00fck hacimli seri \u00fcretim ve h\u0131zl\u0131 fonksiyonel prototipleme talepleri i\u00e7in h\u0131zl\u0131 imalat hizmetleri sunar.\" \/>\n<meta name=\"robots\" content=\"index, follow, max-snippet:-1, max-image-preview:large, max-video-preview:-1\" \/>\n<link rel=\"canonical\" href=\"https:\/\/xometry.com.tr\/tr\/silikon-kaliplama\/\" \/>\n<meta property=\"og:locale\" content=\"tr_TR\" \/>\n<meta property=\"og:type\" content=\"article\" \/>\n<meta property=\"og:title\" content=\"Silikon Kal\u0131plama\" \/>\n<meta property=\"og:description\" content=\"Xometry T\u00fcrkiye, d\u00fc\u015f\u00fck hacimli seri \u00fcretim ve h\u0131zl\u0131 fonksiyonel prototipleme talepleri i\u00e7in h\u0131zl\u0131 imalat hizmetleri sunar.\" \/>\n<meta property=\"og:url\" content=\"https:\/\/xometry.com.tr\/tr\/silikon-kaliplama\/\" \/>\n<meta property=\"og:site_name\" content=\"Xometry T\u00fcrkiye\" \/>\n<meta property=\"article:modified_time\" content=\"2026-03-16T12:48:35+00:00\" \/>\n<meta property=\"og:image\" content=\"https:\/\/xometry.com.tr\/wp-content\/uploads\/sites\/3\/2023\/09\/TR-Vacuum-Casting-service-page.jpg\" \/>\n\t<meta property=\"og:image:width\" content=\"2400\" \/>\n\t<meta property=\"og:image:height\" content=\"1230\" \/>\n\t<meta property=\"og:image:type\" content=\"image\/jpeg\" \/>\n<meta name=\"twitter:card\" content=\"summary_large_image\" \/>\n<script type=\"application\/ld+json\" class=\"yoast-schema-graph\">{\"@context\":\"https:\/\/schema.org\",\"@graph\":[{\"@type\":\"WebPage\",\"@id\":\"https:\/\/xometry.com.tr\/tr\/silikon-kaliplama\/\",\"url\":\"https:\/\/xometry.com.tr\/tr\/silikon-kaliplama\/\",\"name\":\"Online Silikon Kal\u0131plama Hizmeti | Xometry T\u00fcrkiye\",\"isPartOf\":{\"@id\":\"https:\/\/xometry.com.tr\/tr\/#website\"},\"datePublished\":\"2023-02-28T16:55:56+00:00\",\"dateModified\":\"2026-03-16T12:48:35+00:00\",\"description\":\"Xometry T\u00fcrkiye, d\u00fc\u015f\u00fck hacimli seri \u00fcretim ve h\u0131zl\u0131 fonksiyonel prototipleme talepleri i\u00e7in h\u0131zl\u0131 imalat hizmetleri sunar.\",\"breadcrumb\":{\"@id\":\"https:\/\/xometry.com.tr\/tr\/silikon-kaliplama\/#breadcrumb\"},\"inLanguage\":\"tr\",\"potentialAction\":[{\"@type\":\"ReadAction\",\"target\":[\"https:\/\/xometry.com.tr\/tr\/silikon-kaliplama\/\"]}]},{\"@type\":\"BreadcrumbList\",\"@id\":\"https:\/\/xometry.com.tr\/tr\/silikon-kaliplama\/#breadcrumb\",\"itemListElement\":[{\"@type\":\"ListItem\",\"position\":1,\"name\":\"Home\",\"item\":\"https:\/\/xometry.com.tr\/tr\/\"},{\"@type\":\"ListItem\",\"position\":2,\"name\":\"Silikon Kal\u0131plama\"}]},{\"@type\":\"WebSite\",\"@id\":\"https:\/\/xometry.com.tr\/tr\/#website\",\"url\":\"https:\/\/xometry.com.tr\/tr\/\",\"name\":\"Xometry T\u00fcrkiye\",\"description\":\"\",\"potentialAction\":[{\"@type\":\"SearchAction\",\"target\":{\"@type\":\"EntryPoint\",\"urlTemplate\":\"https:\/\/xometry.com.tr\/tr\/?s={search_term_string}\"},\"query-input\":{\"@type\":\"PropertyValueSpecification\",\"valueRequired\":true,\"valueName\":\"search_term_string\"}}],\"inLanguage\":\"tr\"}]}<\/script>\n<!-- \/ Yoast SEO Premium plugin. -->","yoast_head_json":{"title":"Online Silikon Kal\u0131plama Hizmeti | Xometry T\u00fcrkiye","description":"Xometry T\u00fcrkiye, d\u00fc\u015f\u00fck hacimli seri \u00fcretim ve h\u0131zl\u0131 fonksiyonel prototipleme talepleri i\u00e7in h\u0131zl\u0131 imalat hizmetleri sunar.","robots":{"index":"index","follow":"follow","max-snippet":"max-snippet:-1","max-image-preview":"max-image-preview:large","max-video-preview":"max-video-preview:-1"},"canonical":"https:\/\/xometry.com.tr\/tr\/silikon-kaliplama\/","og_locale":"tr_TR","og_type":"article","og_title":"Silikon Kal\u0131plama","og_description":"Xometry T\u00fcrkiye, d\u00fc\u015f\u00fck hacimli seri \u00fcretim ve h\u0131zl\u0131 fonksiyonel prototipleme talepleri i\u00e7in h\u0131zl\u0131 imalat hizmetleri sunar.","og_url":"https:\/\/xometry.com.tr\/tr\/silikon-kaliplama\/","og_site_name":"Xometry T\u00fcrkiye","article_modified_time":"2026-03-16T12:48:35+00:00","og_image":[{"width":2400,"height":1230,"url":"https:\/\/xometry.com.tr\/wp-content\/uploads\/sites\/3\/2023\/09\/TR-Vacuum-Casting-service-page.jpg","type":"image\/jpeg"}],"twitter_card":"summary_large_image","schema":{"@context":"https:\/\/schema.org","@graph":[{"@type":"WebPage","@id":"https:\/\/xometry.com.tr\/tr\/silikon-kaliplama\/","url":"https:\/\/xometry.com.tr\/tr\/silikon-kaliplama\/","name":"Online Silikon Kal\u0131plama Hizmeti | Xometry T\u00fcrkiye","isPartOf":{"@id":"https:\/\/xometry.com.tr\/tr\/#website"},"datePublished":"2023-02-28T16:55:56+00:00","dateModified":"2026-03-16T12:48:35+00:00","description":"Xometry T\u00fcrkiye, d\u00fc\u015f\u00fck hacimli seri \u00fcretim ve h\u0131zl\u0131 fonksiyonel prototipleme talepleri i\u00e7in h\u0131zl\u0131 imalat hizmetleri sunar.","breadcrumb":{"@id":"https:\/\/xometry.com.tr\/tr\/silikon-kaliplama\/#breadcrumb"},"inLanguage":"tr","potentialAction":[{"@type":"ReadAction","target":["https:\/\/xometry.com.tr\/tr\/silikon-kaliplama\/"]}]},{"@type":"BreadcrumbList","@id":"https:\/\/xometry.com.tr\/tr\/silikon-kaliplama\/#breadcrumb","itemListElement":[{"@type":"ListItem","position":1,"name":"Home","item":"https:\/\/xometry.com.tr\/tr\/"},{"@type":"ListItem","position":2,"name":"Silikon Kal\u0131plama"}]},{"@type":"WebSite","@id":"https:\/\/xometry.com.tr\/tr\/#website","url":"https:\/\/xometry.com.tr\/tr\/","name":"Xometry T\u00fcrkiye","description":"","potentialAction":[{"@type":"SearchAction","target":{"@type":"EntryPoint","urlTemplate":"https:\/\/xometry.com.tr\/tr\/?s={search_term_string}"},"query-input":{"@type":"PropertyValueSpecification","valueRequired":true,"valueName":"search_term_string"}}],"inLanguage":"tr"}]}},"_links":{"self":[{"href":"https:\/\/xometry.com.tr\/tr\/wp-json\/wp\/v2\/pages\/22139","targetHints":{"allow":["GET"]}}],"collection":[{"href":"https:\/\/xometry.com.tr\/tr\/wp-json\/wp\/v2\/pages"}],"about":[{"href":"https:\/\/xometry.com.tr\/tr\/wp-json\/wp\/v2\/types\/page"}],"author":[{"embeddable":true,"href":"https:\/\/xometry.com.tr\/tr\/wp-json\/wp\/v2\/users\/10"}],"replies":[{"embeddable":true,"href":"https:\/\/xometry.com.tr\/tr\/wp-json\/wp\/v2\/comments?post=22139"}],"version-history":[{"count":10,"href":"https:\/\/xometry.com.tr\/tr\/wp-json\/wp\/v2\/pages\/22139\/revisions"}],"predecessor-version":[{"id":38627,"href":"https:\/\/xometry.com.tr\/tr\/wp-json\/wp\/v2\/pages\/22139\/revisions\/38627"}],"wp:attachment":[{"href":"https:\/\/xometry.com.tr\/tr\/wp-json\/wp\/v2\/media?parent=22139"}],"curies":[{"name":"wp","href":"https:\/\/api.w.org\/{rel}","templated":true}]}}