{"id":22262,"date":"2023-03-01T16:03:43","date_gmt":"2023-03-01T16:03:43","guid":{"rendered":"https:\/\/xometry.com.tr\/?page_id=22262"},"modified":"2023-03-01T16:03:44","modified_gmt":"2023-03-01T16:03:44","slug":"webinar","status":"publish","type":"page","link":"https:\/\/xometry.com.tr\/tr\/webinar\/","title":{"rendered":"Webinar"},"content":{"rendered":"","protected":false},"excerpt":{"rendered":"","protected":false},"author":14,"featured_media":0,"parent":0,"menu_order":0,"comment_status":"closed","ping_status":"closed","template":"","meta":{"_acf_changed":false,"inline_featured_image":false,"footnotes":""},"class_list":["post-22262","page","type-page","status-publish","hentry"],"acf":[],"yoast_head":"<!-- This site is optimized with the Yoast SEO Premium plugin v20.5 (Yoast SEO v27.3) - https:\/\/yoast.com\/product\/yoast-seo-premium-wordpress\/ -->\n<title>Webinarlar\u0131m\u0131z | Xometry T\u00fcrkiye<\/title>\n<meta name=\"description\" content=\"Triditalks Webinarlar\u0131na Kat\u0131l\u0131n 3D Bask\u0131, Enjeksiyon Kal\u0131plama, Sac Metal ve CNC \u0130\u015fleme \u0130le \u0130lgili Bilgi Al\u0131n, Xometry T\u00fcrkiye Dijital \u00dcretim Platformu\u2019ndan Faydalan\u0131n.\" \/>\n<meta name=\"robots\" content=\"index, follow, max-snippet:-1, max-image-preview:large, max-video-preview:-1\" \/>\n<link rel=\"canonical\" href=\"https:\/\/xometry.com.tr\/tr\/webinar\/\" \/>\n<meta property=\"og:locale\" content=\"tr_TR\" \/>\n<meta property=\"og:type\" content=\"article\" \/>\n<meta property=\"og:title\" content=\"Webinar\" \/>\n<meta property=\"og:description\" content=\"Triditalks Webinarlar\u0131na Kat\u0131l\u0131n 3D Bask\u0131, Enjeksiyon Kal\u0131plama, Sac Metal ve CNC \u0130\u015fleme \u0130le \u0130lgili Bilgi Al\u0131n, Xometry T\u00fcrkiye Dijital \u00dcretim Platformu\u2019ndan Faydalan\u0131n.\" \/>\n<meta property=\"og:url\" content=\"https:\/\/xometry.com.tr\/tr\/webinar\/\" \/>\n<meta property=\"og:site_name\" content=\"Xometry T\u00fcrkiye\" \/>\n<meta property=\"article:modified_time\" content=\"2023-03-01T16:03:44+00:00\" \/>\n<meta name=\"twitter:card\" content=\"summary_large_image\" \/>\n<script type=\"application\/ld+json\" class=\"yoast-schema-graph\">{\"@context\":\"https:\\\/\\\/schema.org\",\"@graph\":[{\"@type\":\"WebPage\",\"@id\":\"https:\\\/\\\/xometry.com.tr\\\/tr\\\/webinar\\\/\",\"url\":\"https:\\\/\\\/xometry.com.tr\\\/tr\\\/webinar\\\/\",\"name\":\"Webinarlar\u0131m\u0131z | Xometry T\u00fcrkiye\",\"isPartOf\":{\"@id\":\"https:\\\/\\\/xometry.com.tr\\\/tr\\\/#website\"},\"datePublished\":\"2023-03-01T16:03:43+00:00\",\"dateModified\":\"2023-03-01T16:03:44+00:00\",\"description\":\"Triditalks Webinarlar\u0131na Kat\u0131l\u0131n 3D Bask\u0131, Enjeksiyon Kal\u0131plama, Sac Metal ve CNC \u0130\u015fleme \u0130le \u0130lgili Bilgi Al\u0131n, Xometry T\u00fcrkiye Dijital \u00dcretim Platformu\u2019ndan Faydalan\u0131n.\",\"breadcrumb\":{\"@id\":\"https:\\\/\\\/xometry.com.tr\\\/tr\\\/webinar\\\/#breadcrumb\"},\"inLanguage\":\"tr\",\"potentialAction\":[{\"@type\":\"ReadAction\",\"target\":[\"https:\\\/\\\/xometry.com.tr\\\/tr\\\/webinar\\\/\"]}]},{\"@type\":\"BreadcrumbList\",\"@id\":\"https:\\\/\\\/xometry.com.tr\\\/tr\\\/webinar\\\/#breadcrumb\",\"itemListElement\":[{\"@type\":\"ListItem\",\"position\":1,\"name\":\"Home\",\"item\":\"https:\\\/\\\/xometry.com.tr\\\/tr\\\/\"},{\"@type\":\"ListItem\",\"position\":2,\"name\":\"Webinar\"}]},{\"@type\":\"WebSite\",\"@id\":\"https:\\\/\\\/xometry.com.tr\\\/tr\\\/#website\",\"url\":\"https:\\\/\\\/xometry.com.tr\\\/tr\\\/\",\"name\":\"Xometry T\u00fcrkiye\",\"description\":\"\",\"potentialAction\":[{\"@type\":\"SearchAction\",\"target\":{\"@type\":\"EntryPoint\",\"urlTemplate\":\"https:\\\/\\\/xometry.com.tr\\\/tr\\\/?s={search_term_string}\"},\"query-input\":{\"@type\":\"PropertyValueSpecification\",\"valueRequired\":true,\"valueName\":\"search_term_string\"}}],\"inLanguage\":\"tr\"}]}<\/script>\n<!-- \/ Yoast SEO Premium plugin. -->","yoast_head_json":{"title":"Webinarlar\u0131m\u0131z | Xometry T\u00fcrkiye","description":"Triditalks Webinarlar\u0131na Kat\u0131l\u0131n 3D Bask\u0131, Enjeksiyon Kal\u0131plama, Sac Metal ve CNC \u0130\u015fleme \u0130le \u0130lgili Bilgi Al\u0131n, Xometry T\u00fcrkiye Dijital \u00dcretim Platformu\u2019ndan Faydalan\u0131n.","robots":{"index":"index","follow":"follow","max-snippet":"max-snippet:-1","max-image-preview":"max-image-preview:large","max-video-preview":"max-video-preview:-1"},"canonical":"https:\/\/xometry.com.tr\/tr\/webinar\/","og_locale":"tr_TR","og_type":"article","og_title":"Webinar","og_description":"Triditalks Webinarlar\u0131na Kat\u0131l\u0131n 3D Bask\u0131, Enjeksiyon Kal\u0131plama, Sac Metal ve CNC \u0130\u015fleme \u0130le \u0130lgili Bilgi Al\u0131n, Xometry T\u00fcrkiye Dijital \u00dcretim Platformu\u2019ndan Faydalan\u0131n.","og_url":"https:\/\/xometry.com.tr\/tr\/webinar\/","og_site_name":"Xometry T\u00fcrkiye","article_modified_time":"2023-03-01T16:03:44+00:00","twitter_card":"summary_large_image","schema":{"@context":"https:\/\/schema.org","@graph":[{"@type":"WebPage","@id":"https:\/\/xometry.com.tr\/tr\/webinar\/","url":"https:\/\/xometry.com.tr\/tr\/webinar\/","name":"Webinarlar\u0131m\u0131z | Xometry T\u00fcrkiye","isPartOf":{"@id":"https:\/\/xometry.com.tr\/tr\/#website"},"datePublished":"2023-03-01T16:03:43+00:00","dateModified":"2023-03-01T16:03:44+00:00","description":"Triditalks Webinarlar\u0131na Kat\u0131l\u0131n 3D Bask\u0131, Enjeksiyon Kal\u0131plama, Sac Metal ve CNC \u0130\u015fleme \u0130le \u0130lgili Bilgi Al\u0131n, Xometry T\u00fcrkiye Dijital \u00dcretim Platformu\u2019ndan Faydalan\u0131n.","breadcrumb":{"@id":"https:\/\/xometry.com.tr\/tr\/webinar\/#breadcrumb"},"inLanguage":"tr","potentialAction":[{"@type":"ReadAction","target":["https:\/\/xometry.com.tr\/tr\/webinar\/"]}]},{"@type":"BreadcrumbList","@id":"https:\/\/xometry.com.tr\/tr\/webinar\/#breadcrumb","itemListElement":[{"@type":"ListItem","position":1,"name":"Home","item":"https:\/\/xometry.com.tr\/tr\/"},{"@type":"ListItem","position":2,"name":"Webinar"}]},{"@type":"WebSite","@id":"https:\/\/xometry.com.tr\/tr\/#website","url":"https:\/\/xometry.com.tr\/tr\/","name":"Xometry T\u00fcrkiye","description":"","potentialAction":[{"@type":"SearchAction","target":{"@type":"EntryPoint","urlTemplate":"https:\/\/xometry.com.tr\/tr\/?s={search_term_string}"},"query-input":{"@type":"PropertyValueSpecification","valueRequired":true,"valueName":"search_term_string"}}],"inLanguage":"tr"}]}},"_links":{"self":[{"href":"https:\/\/xometry.com.tr\/tr\/wp-json\/wp\/v2\/pages\/22262","targetHints":{"allow":["GET"]}}],"collection":[{"href":"https:\/\/xometry.com.tr\/tr\/wp-json\/wp\/v2\/pages"}],"about":[{"href":"https:\/\/xometry.com.tr\/tr\/wp-json\/wp\/v2\/types\/page"}],"author":[{"embeddable":true,"href":"https:\/\/xometry.com.tr\/tr\/wp-json\/wp\/v2\/users\/14"}],"replies":[{"embeddable":true,"href":"https:\/\/xometry.com.tr\/tr\/wp-json\/wp\/v2\/comments?post=22262"}],"version-history":[{"count":38,"href":"https:\/\/xometry.com.tr\/tr\/wp-json\/wp\/v2\/pages\/22262\/revisions"}],"predecessor-version":[{"id":22320,"href":"https:\/\/xometry.com.tr\/tr\/wp-json\/wp\/v2\/pages\/22262\/revisions\/22320"}],"wp:attachment":[{"href":"https:\/\/xometry.com.tr\/tr\/wp-json\/wp\/v2\/media?parent=22262"}],"curies":[{"name":"wp","href":"https:\/\/api.w.org\/{rel}","templated":true}]}}