{"id":22299,"date":"2023-03-01T16:24:47","date_gmt":"2023-03-01T16:24:47","guid":{"rendered":"https:\/\/xometry.com.tr\/?page_id=22299"},"modified":"2026-03-16T14:43:02","modified_gmt":"2026-03-16T14:43:02","slug":"medikal-ve-dental-endustrisi","status":"publish","type":"page","link":"https:\/\/xometry.com.tr\/tr\/medikal-ve-dental-endustrisi\/","title":{"rendered":"Medikal ve Dental End\u00fcstrisi"},"content":{"rendered":"","protected":false},"excerpt":{"rendered":"","protected":false},"author":10,"featured_media":0,"parent":0,"menu_order":0,"comment_status":"closed","ping_status":"closed","template":"","meta":{"_acf_changed":false,"inline_featured_image":false,"footnotes":""},"class_list":["post-22299","page","type-page","status-publish","hentry"],"acf":[],"yoast_head":"<!-- This site is optimized with the Yoast SEO Premium plugin v20.5 (Yoast SEO v27.3) - https:\/\/yoast.com\/product\/yoast-seo-premium-wordpress\/ -->\n<title>Medikal Sekt\u00f6r\u00fc \u0130\u00e7in 3D Bask\u0131 ve CNC \u0130\u015fleme | Xometry T\u00fcrkiye<\/title>\n<meta name=\"description\" content=\"Geni\u015f \u00fcretim teknolojisi ve malzeme se\u00e7enekleri ile Medikal &amp; Dental sekt\u00f6rlerinde \u00fcr\u00fcn geli\u015ftiren firmalara dijitalle\u015fmi\u015f bir \u00fcretim tedarik deneyimi sunuyoruz.\" \/>\n<meta name=\"robots\" content=\"index, follow, max-snippet:-1, max-image-preview:large, max-video-preview:-1\" \/>\n<link rel=\"canonical\" href=\"https:\/\/xometry.com.tr\/tr\/medikal-ve-dental-endustrisi\/\" \/>\n<meta property=\"og:locale\" content=\"tr_TR\" \/>\n<meta property=\"og:type\" content=\"article\" \/>\n<meta property=\"og:title\" content=\"Medikal ve Dental End\u00fcstrisi\" \/>\n<meta property=\"og:description\" content=\"Geni\u015f \u00fcretim teknolojisi ve malzeme se\u00e7enekleri ile Medikal &amp; Dental sekt\u00f6rlerinde \u00fcr\u00fcn geli\u015ftiren firmalara dijitalle\u015fmi\u015f bir \u00fcretim tedarik deneyimi sunuyoruz.\" \/>\n<meta property=\"og:url\" content=\"https:\/\/xometry.com.tr\/tr\/medikal-ve-dental-endustrisi\/\" \/>\n<meta property=\"og:site_name\" content=\"Xometry T\u00fcrkiye\" \/>\n<meta property=\"article:modified_time\" content=\"2026-03-16T14:43:02+00:00\" \/>\n<meta name=\"twitter:card\" content=\"summary_large_image\" \/>\n<script type=\"application\/ld+json\" class=\"yoast-schema-graph\">{\"@context\":\"https:\\\/\\\/schema.org\",\"@graph\":[{\"@type\":\"WebPage\",\"@id\":\"https:\\\/\\\/xometry.com.tr\\\/tr\\\/medikal-ve-dental-endustrisi\\\/\",\"url\":\"https:\\\/\\\/xometry.com.tr\\\/tr\\\/medikal-ve-dental-endustrisi\\\/\",\"name\":\"Medikal Sekt\u00f6r\u00fc \u0130\u00e7in 3D Bask\u0131 ve CNC \u0130\u015fleme | Xometry T\u00fcrkiye\",\"isPartOf\":{\"@id\":\"https:\\\/\\\/xometry.com.tr\\\/tr\\\/#website\"},\"datePublished\":\"2023-03-01T16:24:47+00:00\",\"dateModified\":\"2026-03-16T14:43:02+00:00\",\"description\":\"Geni\u015f \u00fcretim teknolojisi ve malzeme se\u00e7enekleri ile Medikal & Dental sekt\u00f6rlerinde \u00fcr\u00fcn geli\u015ftiren firmalara dijitalle\u015fmi\u015f bir \u00fcretim tedarik deneyimi sunuyoruz.\",\"breadcrumb\":{\"@id\":\"https:\\\/\\\/xometry.com.tr\\\/tr\\\/medikal-ve-dental-endustrisi\\\/#breadcrumb\"},\"inLanguage\":\"tr\",\"potentialAction\":[{\"@type\":\"ReadAction\",\"target\":[\"https:\\\/\\\/xometry.com.tr\\\/tr\\\/medikal-ve-dental-endustrisi\\\/\"]}]},{\"@type\":\"BreadcrumbList\",\"@id\":\"https:\\\/\\\/xometry.com.tr\\\/tr\\\/medikal-ve-dental-endustrisi\\\/#breadcrumb\",\"itemListElement\":[{\"@type\":\"ListItem\",\"position\":1,\"name\":\"Home\",\"item\":\"https:\\\/\\\/xometry.com.tr\\\/tr\\\/\"},{\"@type\":\"ListItem\",\"position\":2,\"name\":\"Medikal ve Dental End\u00fcstrisi\"}]},{\"@type\":\"WebSite\",\"@id\":\"https:\\\/\\\/xometry.com.tr\\\/tr\\\/#website\",\"url\":\"https:\\\/\\\/xometry.com.tr\\\/tr\\\/\",\"name\":\"Xometry T\u00fcrkiye\",\"description\":\"\",\"potentialAction\":[{\"@type\":\"SearchAction\",\"target\":{\"@type\":\"EntryPoint\",\"urlTemplate\":\"https:\\\/\\\/xometry.com.tr\\\/tr\\\/?s={search_term_string}\"},\"query-input\":{\"@type\":\"PropertyValueSpecification\",\"valueRequired\":true,\"valueName\":\"search_term_string\"}}],\"inLanguage\":\"tr\"}]}<\/script>\n<!-- \/ Yoast SEO Premium plugin. -->","yoast_head_json":{"title":"Medikal Sekt\u00f6r\u00fc \u0130\u00e7in 3D Bask\u0131 ve CNC \u0130\u015fleme | Xometry T\u00fcrkiye","description":"Geni\u015f \u00fcretim teknolojisi ve malzeme se\u00e7enekleri ile Medikal & Dental sekt\u00f6rlerinde \u00fcr\u00fcn geli\u015ftiren firmalara dijitalle\u015fmi\u015f bir \u00fcretim tedarik deneyimi sunuyoruz.","robots":{"index":"index","follow":"follow","max-snippet":"max-snippet:-1","max-image-preview":"max-image-preview:large","max-video-preview":"max-video-preview:-1"},"canonical":"https:\/\/xometry.com.tr\/tr\/medikal-ve-dental-endustrisi\/","og_locale":"tr_TR","og_type":"article","og_title":"Medikal ve Dental End\u00fcstrisi","og_description":"Geni\u015f \u00fcretim teknolojisi ve malzeme se\u00e7enekleri ile Medikal & Dental sekt\u00f6rlerinde \u00fcr\u00fcn geli\u015ftiren firmalara dijitalle\u015fmi\u015f bir \u00fcretim tedarik deneyimi sunuyoruz.","og_url":"https:\/\/xometry.com.tr\/tr\/medikal-ve-dental-endustrisi\/","og_site_name":"Xometry T\u00fcrkiye","article_modified_time":"2026-03-16T14:43:02+00:00","twitter_card":"summary_large_image","schema":{"@context":"https:\/\/schema.org","@graph":[{"@type":"WebPage","@id":"https:\/\/xometry.com.tr\/tr\/medikal-ve-dental-endustrisi\/","url":"https:\/\/xometry.com.tr\/tr\/medikal-ve-dental-endustrisi\/","name":"Medikal Sekt\u00f6r\u00fc \u0130\u00e7in 3D Bask\u0131 ve CNC \u0130\u015fleme | Xometry T\u00fcrkiye","isPartOf":{"@id":"https:\/\/xometry.com.tr\/tr\/#website"},"datePublished":"2023-03-01T16:24:47+00:00","dateModified":"2026-03-16T14:43:02+00:00","description":"Geni\u015f \u00fcretim teknolojisi ve malzeme se\u00e7enekleri ile Medikal & Dental sekt\u00f6rlerinde \u00fcr\u00fcn geli\u015ftiren firmalara dijitalle\u015fmi\u015f bir \u00fcretim tedarik deneyimi sunuyoruz.","breadcrumb":{"@id":"https:\/\/xometry.com.tr\/tr\/medikal-ve-dental-endustrisi\/#breadcrumb"},"inLanguage":"tr","potentialAction":[{"@type":"ReadAction","target":["https:\/\/xometry.com.tr\/tr\/medikal-ve-dental-endustrisi\/"]}]},{"@type":"BreadcrumbList","@id":"https:\/\/xometry.com.tr\/tr\/medikal-ve-dental-endustrisi\/#breadcrumb","itemListElement":[{"@type":"ListItem","position":1,"name":"Home","item":"https:\/\/xometry.com.tr\/tr\/"},{"@type":"ListItem","position":2,"name":"Medikal ve Dental End\u00fcstrisi"}]},{"@type":"WebSite","@id":"https:\/\/xometry.com.tr\/tr\/#website","url":"https:\/\/xometry.com.tr\/tr\/","name":"Xometry T\u00fcrkiye","description":"","potentialAction":[{"@type":"SearchAction","target":{"@type":"EntryPoint","urlTemplate":"https:\/\/xometry.com.tr\/tr\/?s={search_term_string}"},"query-input":{"@type":"PropertyValueSpecification","valueRequired":true,"valueName":"search_term_string"}}],"inLanguage":"tr"}]}},"_links":{"self":[{"href":"https:\/\/xometry.com.tr\/tr\/wp-json\/wp\/v2\/pages\/22299","targetHints":{"allow":["GET"]}}],"collection":[{"href":"https:\/\/xometry.com.tr\/tr\/wp-json\/wp\/v2\/pages"}],"about":[{"href":"https:\/\/xometry.com.tr\/tr\/wp-json\/wp\/v2\/types\/page"}],"author":[{"embeddable":true,"href":"https:\/\/xometry.com.tr\/tr\/wp-json\/wp\/v2\/users\/10"}],"replies":[{"embeddable":true,"href":"https:\/\/xometry.com.tr\/tr\/wp-json\/wp\/v2\/comments?post=22299"}],"version-history":[{"count":6,"href":"https:\/\/xometry.com.tr\/tr\/wp-json\/wp\/v2\/pages\/22299\/revisions"}],"predecessor-version":[{"id":38640,"href":"https:\/\/xometry.com.tr\/tr\/wp-json\/wp\/v2\/pages\/22299\/revisions\/38640"}],"wp:attachment":[{"href":"https:\/\/xometry.com.tr\/tr\/wp-json\/wp\/v2\/media?parent=22299"}],"curies":[{"name":"wp","href":"https:\/\/api.w.org\/{rel}","templated":true}]}}