{"id":2259,"date":"2023-01-16T13:21:46","date_gmt":"2023-01-16T13:21:46","guid":{"rendered":"http:\/\/staging_wp.xometry.com.tr\/manufacturing-mechanical-parts-electronics-industry\/"},"modified":"2026-03-16T14:35:08","modified_gmt":"2026-03-16T14:35:08","slug":"elektronik-endustrisi","status":"publish","type":"page","link":"https:\/\/xometry.com.tr\/tr\/elektronik-endustrisi\/","title":{"rendered":"Elektronik End\u00fcstrisi"},"content":{"rendered":"","protected":false},"excerpt":{"rendered":"","protected":false},"author":11,"featured_media":0,"parent":0,"menu_order":0,"comment_status":"closed","ping_status":"closed","template":"","meta":{"_acf_changed":false,"inline_featured_image":false,"footnotes":""},"class_list":["post-2259","page","type-page","status-publish","hentry"],"acf":[],"yoast_head":"<!-- This site is optimized with the Yoast SEO Premium plugin v20.5 (Yoast SEO v27.1.1) - https:\/\/yoast.com\/product\/yoast-seo-premium-wordpress\/ -->\n<title>Elektronik ve IOT (Nesnelerin \u0130nterneti) \u0130\u00e7in \u00dcretim | Xometry T\u00fcrkiye<\/title>\n<meta name=\"description\" content=\"Fikst\u00fcrler, muhafaza kutular\u0131, az adetli pilot \u00fcr\u00fcnler gibi Elektronik ve IOT sekt\u00f6r\u00fc i\u00e7in \u00f6nemli par\u00e7alar\u0131n \u00fcretimini tek bir platform \u00fczerinden y\u00f6netin!\" \/>\n<meta name=\"robots\" content=\"index, follow, max-snippet:-1, max-image-preview:large, max-video-preview:-1\" \/>\n<link rel=\"canonical\" href=\"https:\/\/xometry.com.tr\/tr\/elektronik-endustrisi\/\" \/>\n<meta property=\"og:locale\" content=\"tr_TR\" \/>\n<meta property=\"og:type\" content=\"article\" \/>\n<meta property=\"og:title\" content=\"Elektronik End\u00fcstrisi\" \/>\n<meta property=\"og:description\" content=\"Fikst\u00fcrler, muhafaza kutular\u0131, az adetli pilot \u00fcr\u00fcnler gibi Elektronik ve IOT sekt\u00f6r\u00fc i\u00e7in \u00f6nemli par\u00e7alar\u0131n \u00fcretimini tek bir platform \u00fczerinden y\u00f6netin!\" \/>\n<meta property=\"og:url\" content=\"https:\/\/xometry.com.tr\/tr\/elektronik-endustrisi\/\" \/>\n<meta property=\"og:site_name\" content=\"Xometry T\u00fcrkiye\" \/>\n<meta property=\"article:modified_time\" content=\"2026-03-16T14:35:08+00:00\" \/>\n<meta name=\"twitter:card\" content=\"summary_large_image\" \/>\n<script type=\"application\/ld+json\" class=\"yoast-schema-graph\">{\"@context\":\"https:\/\/schema.org\",\"@graph\":[{\"@type\":\"WebPage\",\"@id\":\"https:\/\/xometry.com.tr\/tr\/elektronik-endustrisi\/\",\"url\":\"https:\/\/xometry.com.tr\/tr\/elektronik-endustrisi\/\",\"name\":\"Elektronik ve IOT (Nesnelerin \u0130nterneti) \u0130\u00e7in \u00dcretim | Xometry T\u00fcrkiye\",\"isPartOf\":{\"@id\":\"https:\/\/xometry.com.tr\/tr\/#website\"},\"datePublished\":\"2023-01-16T13:21:46+00:00\",\"dateModified\":\"2026-03-16T14:35:08+00:00\",\"description\":\"Fikst\u00fcrler, muhafaza kutular\u0131, az adetli pilot \u00fcr\u00fcnler gibi Elektronik ve IOT sekt\u00f6r\u00fc i\u00e7in \u00f6nemli par\u00e7alar\u0131n \u00fcretimini tek bir platform \u00fczerinden y\u00f6netin!\",\"breadcrumb\":{\"@id\":\"https:\/\/xometry.com.tr\/tr\/elektronik-endustrisi\/#breadcrumb\"},\"inLanguage\":\"tr\",\"potentialAction\":[{\"@type\":\"ReadAction\",\"target\":[\"https:\/\/xometry.com.tr\/tr\/elektronik-endustrisi\/\"]}]},{\"@type\":\"BreadcrumbList\",\"@id\":\"https:\/\/xometry.com.tr\/tr\/elektronik-endustrisi\/#breadcrumb\",\"itemListElement\":[{\"@type\":\"ListItem\",\"position\":1,\"name\":\"Home\",\"item\":\"https:\/\/xometry.com.tr\/tr\/\"},{\"@type\":\"ListItem\",\"position\":2,\"name\":\"Elektronik End\u00fcstrisi\"}]},{\"@type\":\"WebSite\",\"@id\":\"https:\/\/xometry.com.tr\/tr\/#website\",\"url\":\"https:\/\/xometry.com.tr\/tr\/\",\"name\":\"Xometry T\u00fcrkiye\",\"description\":\"\",\"potentialAction\":[{\"@type\":\"SearchAction\",\"target\":{\"@type\":\"EntryPoint\",\"urlTemplate\":\"https:\/\/xometry.com.tr\/tr\/?s={search_term_string}\"},\"query-input\":{\"@type\":\"PropertyValueSpecification\",\"valueRequired\":true,\"valueName\":\"search_term_string\"}}],\"inLanguage\":\"tr\"}]}<\/script>\n<!-- \/ Yoast SEO Premium plugin. -->","yoast_head_json":{"title":"Elektronik ve IOT (Nesnelerin \u0130nterneti) \u0130\u00e7in \u00dcretim | Xometry T\u00fcrkiye","description":"Fikst\u00fcrler, muhafaza kutular\u0131, az adetli pilot \u00fcr\u00fcnler gibi Elektronik ve IOT sekt\u00f6r\u00fc i\u00e7in \u00f6nemli par\u00e7alar\u0131n \u00fcretimini tek bir platform \u00fczerinden y\u00f6netin!","robots":{"index":"index","follow":"follow","max-snippet":"max-snippet:-1","max-image-preview":"max-image-preview:large","max-video-preview":"max-video-preview:-1"},"canonical":"https:\/\/xometry.com.tr\/tr\/elektronik-endustrisi\/","og_locale":"tr_TR","og_type":"article","og_title":"Elektronik End\u00fcstrisi","og_description":"Fikst\u00fcrler, muhafaza kutular\u0131, az adetli pilot \u00fcr\u00fcnler gibi Elektronik ve IOT sekt\u00f6r\u00fc i\u00e7in \u00f6nemli par\u00e7alar\u0131n \u00fcretimini tek bir platform \u00fczerinden y\u00f6netin!","og_url":"https:\/\/xometry.com.tr\/tr\/elektronik-endustrisi\/","og_site_name":"Xometry T\u00fcrkiye","article_modified_time":"2026-03-16T14:35:08+00:00","twitter_card":"summary_large_image","schema":{"@context":"https:\/\/schema.org","@graph":[{"@type":"WebPage","@id":"https:\/\/xometry.com.tr\/tr\/elektronik-endustrisi\/","url":"https:\/\/xometry.com.tr\/tr\/elektronik-endustrisi\/","name":"Elektronik ve IOT (Nesnelerin \u0130nterneti) \u0130\u00e7in \u00dcretim | Xometry T\u00fcrkiye","isPartOf":{"@id":"https:\/\/xometry.com.tr\/tr\/#website"},"datePublished":"2023-01-16T13:21:46+00:00","dateModified":"2026-03-16T14:35:08+00:00","description":"Fikst\u00fcrler, muhafaza kutular\u0131, az adetli pilot \u00fcr\u00fcnler gibi Elektronik ve IOT sekt\u00f6r\u00fc i\u00e7in \u00f6nemli par\u00e7alar\u0131n \u00fcretimini tek bir platform \u00fczerinden y\u00f6netin!","breadcrumb":{"@id":"https:\/\/xometry.com.tr\/tr\/elektronik-endustrisi\/#breadcrumb"},"inLanguage":"tr","potentialAction":[{"@type":"ReadAction","target":["https:\/\/xometry.com.tr\/tr\/elektronik-endustrisi\/"]}]},{"@type":"BreadcrumbList","@id":"https:\/\/xometry.com.tr\/tr\/elektronik-endustrisi\/#breadcrumb","itemListElement":[{"@type":"ListItem","position":1,"name":"Home","item":"https:\/\/xometry.com.tr\/tr\/"},{"@type":"ListItem","position":2,"name":"Elektronik End\u00fcstrisi"}]},{"@type":"WebSite","@id":"https:\/\/xometry.com.tr\/tr\/#website","url":"https:\/\/xometry.com.tr\/tr\/","name":"Xometry T\u00fcrkiye","description":"","potentialAction":[{"@type":"SearchAction","target":{"@type":"EntryPoint","urlTemplate":"https:\/\/xometry.com.tr\/tr\/?s={search_term_string}"},"query-input":{"@type":"PropertyValueSpecification","valueRequired":true,"valueName":"search_term_string"}}],"inLanguage":"tr"}]}},"_links":{"self":[{"href":"https:\/\/xometry.com.tr\/tr\/wp-json\/wp\/v2\/pages\/2259","targetHints":{"allow":["GET"]}}],"collection":[{"href":"https:\/\/xometry.com.tr\/tr\/wp-json\/wp\/v2\/pages"}],"about":[{"href":"https:\/\/xometry.com.tr\/tr\/wp-json\/wp\/v2\/types\/page"}],"author":[{"embeddable":true,"href":"https:\/\/xometry.com.tr\/tr\/wp-json\/wp\/v2\/users\/11"}],"replies":[{"embeddable":true,"href":"https:\/\/xometry.com.tr\/tr\/wp-json\/wp\/v2\/comments?post=2259"}],"version-history":[{"count":9,"href":"https:\/\/xometry.com.tr\/tr\/wp-json\/wp\/v2\/pages\/2259\/revisions"}],"predecessor-version":[{"id":38634,"href":"https:\/\/xometry.com.tr\/tr\/wp-json\/wp\/v2\/pages\/2259\/revisions\/38634"}],"wp:attachment":[{"href":"https:\/\/xometry.com.tr\/tr\/wp-json\/wp\/v2\/media?parent=2259"}],"curies":[{"name":"wp","href":"https:\/\/api.w.org\/{rel}","templated":true}]}}