{"id":2849,"date":"2023-01-16T13:22:30","date_gmt":"2023-01-16T13:22:30","guid":{"rendered":"http:\/\/staging_wp.xometry.com.tr\/faq\/"},"modified":"2026-03-16T14:59:04","modified_gmt":"2026-03-16T14:59:04","slug":"sss","status":"publish","type":"page","link":"https:\/\/xometry.com.tr\/tr\/sss\/","title":{"rendered":"S\u0131k Sorulan Sorular"},"content":{"rendered":"","protected":false},"excerpt":{"rendered":"","protected":false},"author":11,"featured_media":25139,"parent":0,"menu_order":0,"comment_status":"closed","ping_status":"closed","template":"","meta":{"_acf_changed":false,"inline_featured_image":false,"footnotes":""},"class_list":["post-2849","page","type-page","status-publish","has-post-thumbnail","hentry"],"acf":[],"yoast_head":"<!-- This site is optimized with the Yoast SEO Premium plugin v20.5 (Yoast SEO v27.1.1) - https:\/\/yoast.com\/product\/yoast-seo-premium-wordpress\/ -->\n<title>S\u0131k Sorulan Sorular | Xometry T\u00fcrkiye<\/title>\n<meta name=\"description\" content=\"Bu sayfada arad\u0131\u011f\u0131n\u0131z\u0131 bulamazsan\u0131z, sat\u0131\u015f temsilcinize ula\u015fabilir veya info@xometry.com.tr adresinden ve +90 (212) 221 06 35 numaral\u0131 telefondan bizimle ileti\u015fime ge\u00e7ebilirsiniz.\" \/>\n<meta name=\"robots\" content=\"index, follow, max-snippet:-1, max-image-preview:large, max-video-preview:-1\" \/>\n<link rel=\"canonical\" href=\"https:\/\/xometry.com.tr\/tr\/sss\/\" \/>\n<meta property=\"og:locale\" content=\"tr_TR\" \/>\n<meta property=\"og:type\" content=\"article\" \/>\n<meta property=\"og:title\" content=\"S\u0131k Sorulan Sorular | Xometry T\u00fcrkiye\" \/>\n<meta property=\"og:description\" content=\"Bu sayfada arad\u0131\u011f\u0131n\u0131z\u0131 bulamazsan\u0131z, sat\u0131\u015f temsilcinize ula\u015fabilir veya info@xometry.com.tr adresinden ve +90 (212) 221 06 35 numaral\u0131 telefondan bizimle ileti\u015fime ge\u00e7ebilirsiniz.\" \/>\n<meta property=\"og:url\" content=\"https:\/\/xometry.com.tr\/tr\/sss\/\" \/>\n<meta property=\"og:site_name\" content=\"Xometry T\u00fcrkiye\" \/>\n<meta property=\"article:modified_time\" content=\"2026-03-16T14:59:04+00:00\" \/>\n<meta name=\"twitter:card\" content=\"summary_large_image\" \/>\n<meta name=\"twitter:title\" content=\"S\u0131k Sorulan Sorular | Xometry T\u00fcrkiye\" \/>\n<meta name=\"twitter:description\" content=\"Bu sayfada arad\u0131\u011f\u0131n\u0131z\u0131 bulamazsan\u0131z, sat\u0131\u015f temsilcinize ula\u015fabilir veya info@xometry.com.tr adresinden ve +90 (212) 221 06 35 numaral\u0131 telefondan bizimle ileti\u015fime ge\u00e7ebilirsiniz.\" \/>\n<meta name=\"twitter:label1\" content=\"Tahmini okuma s\u00fcresi\" \/>\n\t<meta name=\"twitter:data1\" content=\"1 dakika\" \/>\n<script type=\"application\/ld+json\" class=\"yoast-schema-graph\">{\"@context\":\"https:\/\/schema.org\",\"@graph\":[{\"@type\":\"WebPage\",\"@id\":\"https:\/\/xometry.com.tr\/tr\/sss\/\",\"url\":\"https:\/\/xometry.com.tr\/tr\/sss\/\",\"name\":\"S\u0131k Sorulan Sorular | Xometry T\u00fcrkiye\",\"isPartOf\":{\"@id\":\"https:\/\/xometry.com.tr\/tr\/#website\"},\"primaryImageOfPage\":{\"@id\":\"https:\/\/xometry.com.tr\/tr\/sss\/#primaryimage\"},\"image\":{\"@id\":\"https:\/\/xometry.com.tr\/tr\/sss\/#primaryimage\"},\"thumbnailUrl\":\"https:\/\/xometry.com.tr\/wp-content\/uploads\/sites\/3\/2023\/08\/question_mark.svg\",\"datePublished\":\"2023-01-16T13:22:30+00:00\",\"dateModified\":\"2026-03-16T14:59:04+00:00\",\"description\":\"Bu sayfada arad\u0131\u011f\u0131n\u0131z\u0131 bulamazsan\u0131z, sat\u0131\u015f temsilcinize ula\u015fabilir veya info@xometry.com.tr adresinden ve +90 (212) 221 06 35 numaral\u0131 telefondan bizimle ileti\u015fime ge\u00e7ebilirsiniz.\",\"breadcrumb\":{\"@id\":\"https:\/\/xometry.com.tr\/tr\/sss\/#breadcrumb\"},\"inLanguage\":\"tr\",\"potentialAction\":[{\"@type\":\"ReadAction\",\"target\":[\"https:\/\/xometry.com.tr\/tr\/sss\/\"]}]},{\"@type\":\"ImageObject\",\"inLanguage\":\"tr\",\"@id\":\"https:\/\/xometry.com.tr\/tr\/sss\/#primaryimage\",\"url\":\"https:\/\/xometry.com.tr\/wp-content\/uploads\/sites\/3\/2023\/08\/question_mark.svg\",\"contentUrl\":\"https:\/\/xometry.com.tr\/wp-content\/uploads\/sites\/3\/2023\/08\/question_mark.svg\",\"width\":451,\"height\":325,\"caption\":\"sik_sorulan_sorular_xometry_tr\"},{\"@type\":\"BreadcrumbList\",\"@id\":\"https:\/\/xometry.com.tr\/tr\/sss\/#breadcrumb\",\"itemListElement\":[{\"@type\":\"ListItem\",\"position\":1,\"name\":\"Home\",\"item\":\"https:\/\/xometry.com.tr\/tr\/\"},{\"@type\":\"ListItem\",\"position\":2,\"name\":\"S\u0131k Sorulan Sorular\"}]},{\"@type\":\"WebSite\",\"@id\":\"https:\/\/xometry.com.tr\/tr\/#website\",\"url\":\"https:\/\/xometry.com.tr\/tr\/\",\"name\":\"Xometry T\u00fcrkiye\",\"description\":\"\",\"potentialAction\":[{\"@type\":\"SearchAction\",\"target\":{\"@type\":\"EntryPoint\",\"urlTemplate\":\"https:\/\/xometry.com.tr\/tr\/?s={search_term_string}\"},\"query-input\":{\"@type\":\"PropertyValueSpecification\",\"valueRequired\":true,\"valueName\":\"search_term_string\"}}],\"inLanguage\":\"tr\"}]}<\/script>\n<!-- \/ Yoast SEO Premium plugin. -->","yoast_head_json":{"title":"S\u0131k Sorulan Sorular | Xometry T\u00fcrkiye","description":"Bu sayfada arad\u0131\u011f\u0131n\u0131z\u0131 bulamazsan\u0131z, sat\u0131\u015f temsilcinize ula\u015fabilir veya info@xometry.com.tr adresinden ve +90 (212) 221 06 35 numaral\u0131 telefondan bizimle ileti\u015fime ge\u00e7ebilirsiniz.","robots":{"index":"index","follow":"follow","max-snippet":"max-snippet:-1","max-image-preview":"max-image-preview:large","max-video-preview":"max-video-preview:-1"},"canonical":"https:\/\/xometry.com.tr\/tr\/sss\/","og_locale":"tr_TR","og_type":"article","og_title":"S\u0131k Sorulan Sorular | Xometry T\u00fcrkiye","og_description":"Bu sayfada arad\u0131\u011f\u0131n\u0131z\u0131 bulamazsan\u0131z, sat\u0131\u015f temsilcinize ula\u015fabilir veya info@xometry.com.tr adresinden ve +90 (212) 221 06 35 numaral\u0131 telefondan bizimle ileti\u015fime ge\u00e7ebilirsiniz.","og_url":"https:\/\/xometry.com.tr\/tr\/sss\/","og_site_name":"Xometry T\u00fcrkiye","article_modified_time":"2026-03-16T14:59:04+00:00","twitter_card":"summary_large_image","twitter_title":"S\u0131k Sorulan Sorular | Xometry T\u00fcrkiye","twitter_description":"Bu sayfada arad\u0131\u011f\u0131n\u0131z\u0131 bulamazsan\u0131z, sat\u0131\u015f temsilcinize ula\u015fabilir veya info@xometry.com.tr adresinden ve +90 (212) 221 06 35 numaral\u0131 telefondan bizimle ileti\u015fime ge\u00e7ebilirsiniz.","twitter_misc":{"Tahmini okuma s\u00fcresi":"1 dakika"},"schema":{"@context":"https:\/\/schema.org","@graph":[{"@type":"WebPage","@id":"https:\/\/xometry.com.tr\/tr\/sss\/","url":"https:\/\/xometry.com.tr\/tr\/sss\/","name":"S\u0131k Sorulan Sorular | Xometry T\u00fcrkiye","isPartOf":{"@id":"https:\/\/xometry.com.tr\/tr\/#website"},"primaryImageOfPage":{"@id":"https:\/\/xometry.com.tr\/tr\/sss\/#primaryimage"},"image":{"@id":"https:\/\/xometry.com.tr\/tr\/sss\/#primaryimage"},"thumbnailUrl":"https:\/\/xometry.com.tr\/wp-content\/uploads\/sites\/3\/2023\/08\/question_mark.svg","datePublished":"2023-01-16T13:22:30+00:00","dateModified":"2026-03-16T14:59:04+00:00","description":"Bu sayfada arad\u0131\u011f\u0131n\u0131z\u0131 bulamazsan\u0131z, sat\u0131\u015f temsilcinize ula\u015fabilir veya info@xometry.com.tr adresinden ve +90 (212) 221 06 35 numaral\u0131 telefondan bizimle ileti\u015fime ge\u00e7ebilirsiniz.","breadcrumb":{"@id":"https:\/\/xometry.com.tr\/tr\/sss\/#breadcrumb"},"inLanguage":"tr","potentialAction":[{"@type":"ReadAction","target":["https:\/\/xometry.com.tr\/tr\/sss\/"]}]},{"@type":"ImageObject","inLanguage":"tr","@id":"https:\/\/xometry.com.tr\/tr\/sss\/#primaryimage","url":"https:\/\/xometry.com.tr\/wp-content\/uploads\/sites\/3\/2023\/08\/question_mark.svg","contentUrl":"https:\/\/xometry.com.tr\/wp-content\/uploads\/sites\/3\/2023\/08\/question_mark.svg","width":451,"height":325,"caption":"sik_sorulan_sorular_xometry_tr"},{"@type":"BreadcrumbList","@id":"https:\/\/xometry.com.tr\/tr\/sss\/#breadcrumb","itemListElement":[{"@type":"ListItem","position":1,"name":"Home","item":"https:\/\/xometry.com.tr\/tr\/"},{"@type":"ListItem","position":2,"name":"S\u0131k Sorulan Sorular"}]},{"@type":"WebSite","@id":"https:\/\/xometry.com.tr\/tr\/#website","url":"https:\/\/xometry.com.tr\/tr\/","name":"Xometry T\u00fcrkiye","description":"","potentialAction":[{"@type":"SearchAction","target":{"@type":"EntryPoint","urlTemplate":"https:\/\/xometry.com.tr\/tr\/?s={search_term_string}"},"query-input":{"@type":"PropertyValueSpecification","valueRequired":true,"valueName":"search_term_string"}}],"inLanguage":"tr"}]}},"_links":{"self":[{"href":"https:\/\/xometry.com.tr\/tr\/wp-json\/wp\/v2\/pages\/2849","targetHints":{"allow":["GET"]}}],"collection":[{"href":"https:\/\/xometry.com.tr\/tr\/wp-json\/wp\/v2\/pages"}],"about":[{"href":"https:\/\/xometry.com.tr\/tr\/wp-json\/wp\/v2\/types\/page"}],"author":[{"embeddable":true,"href":"https:\/\/xometry.com.tr\/tr\/wp-json\/wp\/v2\/users\/11"}],"replies":[{"embeddable":true,"href":"https:\/\/xometry.com.tr\/tr\/wp-json\/wp\/v2\/comments?post=2849"}],"version-history":[{"count":9,"href":"https:\/\/xometry.com.tr\/tr\/wp-json\/wp\/v2\/pages\/2849\/revisions"}],"predecessor-version":[{"id":38649,"href":"https:\/\/xometry.com.tr\/tr\/wp-json\/wp\/v2\/pages\/2849\/revisions\/38649"}],"wp:featuredmedia":[{"embeddable":true,"href":"https:\/\/xometry.com.tr\/tr\/wp-json\/wp\/v2\/media\/25139"}],"wp:attachment":[{"href":"https:\/\/xometry.com.tr\/tr\/wp-json\/wp\/v2\/media?parent=2849"}],"curies":[{"name":"wp","href":"https:\/\/api.w.org\/{rel}","templated":true}]}}