{"id":28738,"date":"2023-11-13T11:15:54","date_gmt":"2023-11-13T11:15:54","guid":{"rendered":"https:\/\/xometry.com.tr\/?page_id=28738"},"modified":"2025-04-18T09:38:14","modified_gmt":"2025-04-18T09:38:14","slug":"autodesk-fusion-360","status":"publish","type":"page","link":"https:\/\/xometry.com.tr\/tr\/autodesk-fusion-360\/","title":{"rendered":"Autodesk Fusion 360"},"content":{"rendered":"","protected":false},"excerpt":{"rendered":"","protected":false},"author":10,"featured_media":0,"parent":0,"menu_order":0,"comment_status":"closed","ping_status":"closed","template":"","meta":{"_acf_changed":false,"inline_featured_image":false,"footnotes":""},"class_list":["post-28738","page","type-page","status-publish","hentry"],"acf":[],"yoast_head":"<!-- This site is optimized with the Yoast SEO Premium plugin v20.5 (Yoast SEO v27.3) - https:\/\/yoast.com\/product\/yoast-seo-premium-wordpress\/ -->\n<title>Autodesk Fusion 360 i\u00e7in Xometry Eklentisi | Xometry T\u00fcrkiye<\/title>\n<meta name=\"description\" content=\"Autodesk Fusion 360 i\u00e7in Xometry uygulamas\u0131, size anl\u0131k fiyatland\u0131rma ve teslim s\u00fcreleri sunmak i\u00e7in T\u00fcrkiye&#039;deki kullan\u0131c\u0131lar\u0131n hizmetine sunulmu\u015ftur.\" \/>\n<meta name=\"robots\" content=\"index, follow, max-snippet:-1, max-image-preview:large, max-video-preview:-1\" \/>\n<link rel=\"canonical\" href=\"https:\/\/xometry.com.tr\/tr\/autodesk-fusion-360\/\" \/>\n<meta property=\"og:locale\" content=\"tr_TR\" \/>\n<meta property=\"og:type\" content=\"article\" \/>\n<meta property=\"og:title\" content=\"Autodesk Fusion 360 i\u00e7in Xometry Eklentisi | Xometry T\u00fcrkiye\" \/>\n<meta property=\"og:description\" content=\"Autodesk Fusion 360 i\u00e7in Xometry uygulamas\u0131, size anl\u0131k fiyatland\u0131rma ve teslim s\u00fcreleri sunmak i\u00e7in T\u00fcrkiye&#039;deki kullan\u0131c\u0131lar\u0131n hizmetine sunulmu\u015ftur.\" \/>\n<meta property=\"og:url\" content=\"https:\/\/xometry.com.tr\/tr\/autodesk-fusion-360\/\" \/>\n<meta property=\"og:site_name\" content=\"Xometry T\u00fcrkiye\" \/>\n<meta property=\"article:modified_time\" content=\"2025-04-18T09:38:14+00:00\" \/>\n<meta name=\"twitter:card\" content=\"summary_large_image\" \/>\n<meta name=\"twitter:title\" content=\"Autodesk Fusion 360 i\u00e7in Xometry Eklentisi | Xometry T\u00fcrkiye\" \/>\n<meta name=\"twitter:description\" content=\"Autodesk Fusion 360 i\u00e7in Xometry uygulamas\u0131, size anl\u0131k fiyatland\u0131rma ve teslim s\u00fcreleri sunmak i\u00e7in T\u00fcrkiye&#039;deki kullan\u0131c\u0131lar\u0131n hizmetine sunulmu\u015ftur.\" \/>\n<script type=\"application\/ld+json\" class=\"yoast-schema-graph\">{\"@context\":\"https:\\\/\\\/schema.org\",\"@graph\":[{\"@type\":\"WebPage\",\"@id\":\"https:\\\/\\\/xometry.com.tr\\\/tr\\\/autodesk-fusion-360\\\/\",\"url\":\"https:\\\/\\\/xometry.com.tr\\\/tr\\\/autodesk-fusion-360\\\/\",\"name\":\"Autodesk Fusion 360 i\u00e7in Xometry Eklentisi | Xometry T\u00fcrkiye\",\"isPartOf\":{\"@id\":\"https:\\\/\\\/xometry.com.tr\\\/tr\\\/#website\"},\"datePublished\":\"2023-11-13T11:15:54+00:00\",\"dateModified\":\"2025-04-18T09:38:14+00:00\",\"description\":\"Autodesk Fusion 360 i\u00e7in Xometry uygulamas\u0131, size anl\u0131k fiyatland\u0131rma ve teslim s\u00fcreleri sunmak i\u00e7in T\u00fcrkiye'deki kullan\u0131c\u0131lar\u0131n hizmetine sunulmu\u015ftur.\",\"breadcrumb\":{\"@id\":\"https:\\\/\\\/xometry.com.tr\\\/tr\\\/autodesk-fusion-360\\\/#breadcrumb\"},\"inLanguage\":\"tr\",\"potentialAction\":[{\"@type\":\"ReadAction\",\"target\":[\"https:\\\/\\\/xometry.com.tr\\\/tr\\\/autodesk-fusion-360\\\/\"]}]},{\"@type\":\"BreadcrumbList\",\"@id\":\"https:\\\/\\\/xometry.com.tr\\\/tr\\\/autodesk-fusion-360\\\/#breadcrumb\",\"itemListElement\":[{\"@type\":\"ListItem\",\"position\":1,\"name\":\"Home\",\"item\":\"https:\\\/\\\/xometry.com.tr\\\/tr\\\/\"},{\"@type\":\"ListItem\",\"position\":2,\"name\":\"Autodesk Fusion 360\"}]},{\"@type\":\"WebSite\",\"@id\":\"https:\\\/\\\/xometry.com.tr\\\/tr\\\/#website\",\"url\":\"https:\\\/\\\/xometry.com.tr\\\/tr\\\/\",\"name\":\"Xometry T\u00fcrkiye\",\"description\":\"\",\"potentialAction\":[{\"@type\":\"SearchAction\",\"target\":{\"@type\":\"EntryPoint\",\"urlTemplate\":\"https:\\\/\\\/xometry.com.tr\\\/tr\\\/?s={search_term_string}\"},\"query-input\":{\"@type\":\"PropertyValueSpecification\",\"valueRequired\":true,\"valueName\":\"search_term_string\"}}],\"inLanguage\":\"tr\"}]}<\/script>\n<!-- \/ Yoast SEO Premium plugin. -->","yoast_head_json":{"title":"Autodesk Fusion 360 i\u00e7in Xometry Eklentisi | Xometry T\u00fcrkiye","description":"Autodesk Fusion 360 i\u00e7in Xometry uygulamas\u0131, size anl\u0131k fiyatland\u0131rma ve teslim s\u00fcreleri sunmak i\u00e7in T\u00fcrkiye'deki kullan\u0131c\u0131lar\u0131n hizmetine sunulmu\u015ftur.","robots":{"index":"index","follow":"follow","max-snippet":"max-snippet:-1","max-image-preview":"max-image-preview:large","max-video-preview":"max-video-preview:-1"},"canonical":"https:\/\/xometry.com.tr\/tr\/autodesk-fusion-360\/","og_locale":"tr_TR","og_type":"article","og_title":"Autodesk Fusion 360 i\u00e7in Xometry Eklentisi | Xometry T\u00fcrkiye","og_description":"Autodesk Fusion 360 i\u00e7in Xometry uygulamas\u0131, size anl\u0131k fiyatland\u0131rma ve teslim s\u00fcreleri sunmak i\u00e7in T\u00fcrkiye'deki kullan\u0131c\u0131lar\u0131n hizmetine sunulmu\u015ftur.","og_url":"https:\/\/xometry.com.tr\/tr\/autodesk-fusion-360\/","og_site_name":"Xometry T\u00fcrkiye","article_modified_time":"2025-04-18T09:38:14+00:00","twitter_card":"summary_large_image","twitter_title":"Autodesk Fusion 360 i\u00e7in Xometry Eklentisi | Xometry T\u00fcrkiye","twitter_description":"Autodesk Fusion 360 i\u00e7in Xometry uygulamas\u0131, size anl\u0131k fiyatland\u0131rma ve teslim s\u00fcreleri sunmak i\u00e7in T\u00fcrkiye'deki kullan\u0131c\u0131lar\u0131n hizmetine sunulmu\u015ftur.","schema":{"@context":"https:\/\/schema.org","@graph":[{"@type":"WebPage","@id":"https:\/\/xometry.com.tr\/tr\/autodesk-fusion-360\/","url":"https:\/\/xometry.com.tr\/tr\/autodesk-fusion-360\/","name":"Autodesk Fusion 360 i\u00e7in Xometry Eklentisi | Xometry T\u00fcrkiye","isPartOf":{"@id":"https:\/\/xometry.com.tr\/tr\/#website"},"datePublished":"2023-11-13T11:15:54+00:00","dateModified":"2025-04-18T09:38:14+00:00","description":"Autodesk Fusion 360 i\u00e7in Xometry uygulamas\u0131, size anl\u0131k fiyatland\u0131rma ve teslim s\u00fcreleri sunmak i\u00e7in T\u00fcrkiye'deki kullan\u0131c\u0131lar\u0131n hizmetine sunulmu\u015ftur.","breadcrumb":{"@id":"https:\/\/xometry.com.tr\/tr\/autodesk-fusion-360\/#breadcrumb"},"inLanguage":"tr","potentialAction":[{"@type":"ReadAction","target":["https:\/\/xometry.com.tr\/tr\/autodesk-fusion-360\/"]}]},{"@type":"BreadcrumbList","@id":"https:\/\/xometry.com.tr\/tr\/autodesk-fusion-360\/#breadcrumb","itemListElement":[{"@type":"ListItem","position":1,"name":"Home","item":"https:\/\/xometry.com.tr\/tr\/"},{"@type":"ListItem","position":2,"name":"Autodesk Fusion 360"}]},{"@type":"WebSite","@id":"https:\/\/xometry.com.tr\/tr\/#website","url":"https:\/\/xometry.com.tr\/tr\/","name":"Xometry T\u00fcrkiye","description":"","potentialAction":[{"@type":"SearchAction","target":{"@type":"EntryPoint","urlTemplate":"https:\/\/xometry.com.tr\/tr\/?s={search_term_string}"},"query-input":{"@type":"PropertyValueSpecification","valueRequired":true,"valueName":"search_term_string"}}],"inLanguage":"tr"}]}},"_links":{"self":[{"href":"https:\/\/xometry.com.tr\/tr\/wp-json\/wp\/v2\/pages\/28738","targetHints":{"allow":["GET"]}}],"collection":[{"href":"https:\/\/xometry.com.tr\/tr\/wp-json\/wp\/v2\/pages"}],"about":[{"href":"https:\/\/xometry.com.tr\/tr\/wp-json\/wp\/v2\/types\/page"}],"author":[{"embeddable":true,"href":"https:\/\/xometry.com.tr\/tr\/wp-json\/wp\/v2\/users\/10"}],"replies":[{"embeddable":true,"href":"https:\/\/xometry.com.tr\/tr\/wp-json\/wp\/v2\/comments?post=28738"}],"version-history":[{"count":22,"href":"https:\/\/xometry.com.tr\/tr\/wp-json\/wp\/v2\/pages\/28738\/revisions"}],"predecessor-version":[{"id":37063,"href":"https:\/\/xometry.com.tr\/tr\/wp-json\/wp\/v2\/pages\/28738\/revisions\/37063"}],"wp:attachment":[{"href":"https:\/\/xometry.com.tr\/tr\/wp-json\/wp\/v2\/media?parent=28738"}],"curies":[{"name":"wp","href":"https:\/\/api.w.org\/{rel}","templated":true}]}}