{"id":31686,"date":"2024-03-22T11:16:09","date_gmt":"2024-03-22T11:16:09","guid":{"rendered":"https:\/\/xometry.com.tr\/?page_id=31686"},"modified":"2026-03-16T14:40:41","modified_gmt":"2026-03-16T14:40:41","slug":"enerji-endustrisi","status":"publish","type":"page","link":"https:\/\/xometry.com.tr\/tr\/enerji-endustrisi\/","title":{"rendered":"Enerji End\u00fcstrisi"},"content":{"rendered":"","protected":false},"excerpt":{"rendered":"","protected":false},"author":14,"featured_media":31690,"parent":0,"menu_order":0,"comment_status":"closed","ping_status":"closed","template":"","meta":{"_acf_changed":false,"inline_featured_image":false,"footnotes":""},"class_list":["post-31686","page","type-page","status-publish","has-post-thumbnail","hentry"],"acf":[],"yoast_head":"<!-- This site is optimized with the Yoast SEO Premium plugin v20.5 (Yoast SEO v27.1.1) - https:\/\/yoast.com\/product\/yoast-seo-premium-wordpress\/ -->\n<title>Enerji Sekt\u00f6r\u00fcne \u00d6zel Prototipler ve \u00dcretim Par\u00e7alar\u0131 | Xometry T\u00fcrkiye<\/title>\n<meta name=\"description\" content=\"Xometry&#039;nin geni\u015f \u00fcretim kapasitelerine, a\u011f\u0131na ve enerji end\u00fcstrisindeki uzmanl\u0131\u011f\u0131na an\u0131nda eri\u015fim sayesinde daha h\u0131zl\u0131 yenilik yap\u0131n.\" \/>\n<meta name=\"robots\" content=\"index, follow, max-snippet:-1, max-image-preview:large, max-video-preview:-1\" \/>\n<link rel=\"canonical\" href=\"https:\/\/xometry.com.tr\/tr\/enerji-endustrisi\/\" \/>\n<meta property=\"og:locale\" content=\"tr_TR\" \/>\n<meta property=\"og:type\" content=\"article\" \/>\n<meta property=\"og:title\" content=\"Enerji End\u00fcstrisi\" \/>\n<meta property=\"og:description\" content=\"Xometry&#039;nin geni\u015f \u00fcretim kapasitelerine, a\u011f\u0131na ve enerji end\u00fcstrisindeki uzmanl\u0131\u011f\u0131na an\u0131nda eri\u015fim sayesinde daha h\u0131zl\u0131 yenilik yap\u0131n.\" \/>\n<meta property=\"og:url\" content=\"https:\/\/xometry.com.tr\/tr\/enerji-endustrisi\/\" \/>\n<meta property=\"og:site_name\" content=\"Xometry T\u00fcrkiye\" \/>\n<meta property=\"article:modified_time\" content=\"2026-03-16T14:40:41+00:00\" \/>\n<meta property=\"og:image\" content=\"https:\/\/xometry.com.tr\/wp-content\/uploads\/sites\/3\/2024\/03\/industries-energy-hero-1-1-1.jpg\" \/>\n\t<meta property=\"og:image:width\" content=\"1200\" \/>\n\t<meta property=\"og:image:height\" content=\"826\" \/>\n\t<meta property=\"og:image:type\" content=\"image\/jpeg\" \/>\n<meta name=\"twitter:card\" content=\"summary_large_image\" \/>\n<meta name=\"twitter:label1\" content=\"Tahmini okuma s\u00fcresi\" \/>\n\t<meta name=\"twitter:data1\" content=\"1 dakika\" \/>\n<script type=\"application\/ld+json\" class=\"yoast-schema-graph\">{\"@context\":\"https:\/\/schema.org\",\"@graph\":[{\"@type\":\"WebPage\",\"@id\":\"https:\/\/xometry.com.tr\/tr\/enerji-endustrisi\/\",\"url\":\"https:\/\/xometry.com.tr\/tr\/enerji-endustrisi\/\",\"name\":\"Enerji Sekt\u00f6r\u00fcne \u00d6zel Prototipler ve \u00dcretim Par\u00e7alar\u0131 | Xometry T\u00fcrkiye\",\"isPartOf\":{\"@id\":\"https:\/\/xometry.com.tr\/tr\/#website\"},\"primaryImageOfPage\":{\"@id\":\"https:\/\/xometry.com.tr\/tr\/enerji-endustrisi\/#primaryimage\"},\"image\":{\"@id\":\"https:\/\/xometry.com.tr\/tr\/enerji-endustrisi\/#primaryimage\"},\"thumbnailUrl\":\"https:\/\/xometry.com.tr\/wp-content\/uploads\/sites\/3\/2024\/03\/industries-energy-hero-1-1-1.jpg\",\"datePublished\":\"2024-03-22T11:16:09+00:00\",\"dateModified\":\"2026-03-16T14:40:41+00:00\",\"description\":\"Xometry'nin geni\u015f \u00fcretim kapasitelerine, a\u011f\u0131na ve enerji end\u00fcstrisindeki uzmanl\u0131\u011f\u0131na an\u0131nda eri\u015fim sayesinde daha h\u0131zl\u0131 yenilik yap\u0131n.\",\"breadcrumb\":{\"@id\":\"https:\/\/xometry.com.tr\/tr\/enerji-endustrisi\/#breadcrumb\"},\"inLanguage\":\"tr\",\"potentialAction\":[{\"@type\":\"ReadAction\",\"target\":[\"https:\/\/xometry.com.tr\/tr\/enerji-endustrisi\/\"]}]},{\"@type\":\"ImageObject\",\"inLanguage\":\"tr\",\"@id\":\"https:\/\/xometry.com.tr\/tr\/enerji-endustrisi\/#primaryimage\",\"url\":\"https:\/\/xometry.com.tr\/wp-content\/uploads\/sites\/3\/2024\/03\/industries-energy-hero-1-1-1.jpg\",\"contentUrl\":\"https:\/\/xometry.com.tr\/wp-content\/uploads\/sites\/3\/2024\/03\/industries-energy-hero-1-1-1.jpg\",\"width\":1200,\"height\":826},{\"@type\":\"BreadcrumbList\",\"@id\":\"https:\/\/xometry.com.tr\/tr\/enerji-endustrisi\/#breadcrumb\",\"itemListElement\":[{\"@type\":\"ListItem\",\"position\":1,\"name\":\"Home\",\"item\":\"https:\/\/xometry.com.tr\/tr\/\"},{\"@type\":\"ListItem\",\"position\":2,\"name\":\"Enerji End\u00fcstrisi\"}]},{\"@type\":\"WebSite\",\"@id\":\"https:\/\/xometry.com.tr\/tr\/#website\",\"url\":\"https:\/\/xometry.com.tr\/tr\/\",\"name\":\"Xometry T\u00fcrkiye\",\"description\":\"\",\"potentialAction\":[{\"@type\":\"SearchAction\",\"target\":{\"@type\":\"EntryPoint\",\"urlTemplate\":\"https:\/\/xometry.com.tr\/tr\/?s={search_term_string}\"},\"query-input\":{\"@type\":\"PropertyValueSpecification\",\"valueRequired\":true,\"valueName\":\"search_term_string\"}}],\"inLanguage\":\"tr\"}]}<\/script>\n<!-- \/ Yoast SEO Premium plugin. -->","yoast_head_json":{"title":"Enerji Sekt\u00f6r\u00fcne \u00d6zel Prototipler ve \u00dcretim Par\u00e7alar\u0131 | Xometry T\u00fcrkiye","description":"Xometry'nin geni\u015f \u00fcretim kapasitelerine, a\u011f\u0131na ve enerji end\u00fcstrisindeki uzmanl\u0131\u011f\u0131na an\u0131nda eri\u015fim sayesinde daha h\u0131zl\u0131 yenilik yap\u0131n.","robots":{"index":"index","follow":"follow","max-snippet":"max-snippet:-1","max-image-preview":"max-image-preview:large","max-video-preview":"max-video-preview:-1"},"canonical":"https:\/\/xometry.com.tr\/tr\/enerji-endustrisi\/","og_locale":"tr_TR","og_type":"article","og_title":"Enerji End\u00fcstrisi","og_description":"Xometry'nin geni\u015f \u00fcretim kapasitelerine, a\u011f\u0131na ve enerji end\u00fcstrisindeki uzmanl\u0131\u011f\u0131na an\u0131nda eri\u015fim sayesinde daha h\u0131zl\u0131 yenilik yap\u0131n.","og_url":"https:\/\/xometry.com.tr\/tr\/enerji-endustrisi\/","og_site_name":"Xometry T\u00fcrkiye","article_modified_time":"2026-03-16T14:40:41+00:00","og_image":[{"width":1200,"height":826,"url":"https:\/\/xometry.com.tr\/wp-content\/uploads\/sites\/3\/2024\/03\/industries-energy-hero-1-1-1.jpg","type":"image\/jpeg"}],"twitter_card":"summary_large_image","twitter_misc":{"Tahmini okuma s\u00fcresi":"1 dakika"},"schema":{"@context":"https:\/\/schema.org","@graph":[{"@type":"WebPage","@id":"https:\/\/xometry.com.tr\/tr\/enerji-endustrisi\/","url":"https:\/\/xometry.com.tr\/tr\/enerji-endustrisi\/","name":"Enerji Sekt\u00f6r\u00fcne \u00d6zel Prototipler ve \u00dcretim Par\u00e7alar\u0131 | Xometry T\u00fcrkiye","isPartOf":{"@id":"https:\/\/xometry.com.tr\/tr\/#website"},"primaryImageOfPage":{"@id":"https:\/\/xometry.com.tr\/tr\/enerji-endustrisi\/#primaryimage"},"image":{"@id":"https:\/\/xometry.com.tr\/tr\/enerji-endustrisi\/#primaryimage"},"thumbnailUrl":"https:\/\/xometry.com.tr\/wp-content\/uploads\/sites\/3\/2024\/03\/industries-energy-hero-1-1-1.jpg","datePublished":"2024-03-22T11:16:09+00:00","dateModified":"2026-03-16T14:40:41+00:00","description":"Xometry'nin geni\u015f \u00fcretim kapasitelerine, a\u011f\u0131na ve enerji end\u00fcstrisindeki uzmanl\u0131\u011f\u0131na an\u0131nda eri\u015fim sayesinde daha h\u0131zl\u0131 yenilik yap\u0131n.","breadcrumb":{"@id":"https:\/\/xometry.com.tr\/tr\/enerji-endustrisi\/#breadcrumb"},"inLanguage":"tr","potentialAction":[{"@type":"ReadAction","target":["https:\/\/xometry.com.tr\/tr\/enerji-endustrisi\/"]}]},{"@type":"ImageObject","inLanguage":"tr","@id":"https:\/\/xometry.com.tr\/tr\/enerji-endustrisi\/#primaryimage","url":"https:\/\/xometry.com.tr\/wp-content\/uploads\/sites\/3\/2024\/03\/industries-energy-hero-1-1-1.jpg","contentUrl":"https:\/\/xometry.com.tr\/wp-content\/uploads\/sites\/3\/2024\/03\/industries-energy-hero-1-1-1.jpg","width":1200,"height":826},{"@type":"BreadcrumbList","@id":"https:\/\/xometry.com.tr\/tr\/enerji-endustrisi\/#breadcrumb","itemListElement":[{"@type":"ListItem","position":1,"name":"Home","item":"https:\/\/xometry.com.tr\/tr\/"},{"@type":"ListItem","position":2,"name":"Enerji End\u00fcstrisi"}]},{"@type":"WebSite","@id":"https:\/\/xometry.com.tr\/tr\/#website","url":"https:\/\/xometry.com.tr\/tr\/","name":"Xometry T\u00fcrkiye","description":"","potentialAction":[{"@type":"SearchAction","target":{"@type":"EntryPoint","urlTemplate":"https:\/\/xometry.com.tr\/tr\/?s={search_term_string}"},"query-input":{"@type":"PropertyValueSpecification","valueRequired":true,"valueName":"search_term_string"}}],"inLanguage":"tr"}]}},"_links":{"self":[{"href":"https:\/\/xometry.com.tr\/tr\/wp-json\/wp\/v2\/pages\/31686","targetHints":{"allow":["GET"]}}],"collection":[{"href":"https:\/\/xometry.com.tr\/tr\/wp-json\/wp\/v2\/pages"}],"about":[{"href":"https:\/\/xometry.com.tr\/tr\/wp-json\/wp\/v2\/types\/page"}],"author":[{"embeddable":true,"href":"https:\/\/xometry.com.tr\/tr\/wp-json\/wp\/v2\/users\/14"}],"replies":[{"embeddable":true,"href":"https:\/\/xometry.com.tr\/tr\/wp-json\/wp\/v2\/comments?post=31686"}],"version-history":[{"count":7,"href":"https:\/\/xometry.com.tr\/tr\/wp-json\/wp\/v2\/pages\/31686\/revisions"}],"predecessor-version":[{"id":38638,"href":"https:\/\/xometry.com.tr\/tr\/wp-json\/wp\/v2\/pages\/31686\/revisions\/38638"}],"wp:featuredmedia":[{"embeddable":true,"href":"https:\/\/xometry.com.tr\/tr\/wp-json\/wp\/v2\/media\/31690"}],"wp:attachment":[{"href":"https:\/\/xometry.com.tr\/tr\/wp-json\/wp\/v2\/media?parent=31686"}],"curies":[{"name":"wp","href":"https:\/\/api.w.org\/{rel}","templated":true}]}}