{"id":31837,"date":"2024-04-17T07:16:23","date_gmt":"2024-04-17T07:16:23","guid":{"rendered":"https:\/\/xometry.com.tr\/?page_id=31837"},"modified":"2025-02-06T15:29:41","modified_gmt":"2025-02-06T15:29:41","slug":"uretim-standartlari","status":"publish","type":"page","link":"https:\/\/xometry.com.tr\/tr\/uretim-standartlari\/","title":{"rendered":"\u00dcretim Standartlar\u0131"},"content":{"rendered":"","protected":false},"excerpt":{"rendered":"","protected":false},"author":10,"featured_media":0,"parent":0,"menu_order":0,"comment_status":"closed","ping_status":"closed","template":"","meta":{"_acf_changed":false,"inline_featured_image":false,"footnotes":""},"class_list":["post-31837","page","type-page","status-publish","hentry"],"acf":[],"yoast_head":"<!-- This site is optimized with the Yoast SEO Premium plugin v20.5 (Yoast SEO v27.3) - https:\/\/yoast.com\/product\/yoast-seo-premium-wordpress\/ -->\n<title>\u00dcretim Standartlar\u0131 | Xometry T\u00fcrkiye<\/title>\n<meta name=\"description\" content=\"Bu \u00fcretim standard\u0131 sayfas\u0131, \u00fcretim orta\u011f\u0131 a\u011f\u0131m\u0131z\u0131n ve kalite kontrol m\u00fchendislerimizin takip etti\u011fi standartlar konusunda size yol g\u00f6sterecektir.\" \/>\n<meta name=\"robots\" content=\"index, follow, max-snippet:-1, max-image-preview:large, max-video-preview:-1\" \/>\n<link rel=\"canonical\" href=\"https:\/\/xometry.com.tr\/tr\/uretim-standartlari\/\" \/>\n<meta property=\"og:locale\" content=\"tr_TR\" \/>\n<meta property=\"og:type\" content=\"article\" \/>\n<meta property=\"og:title\" content=\"\u00dcretim Standartlar\u0131\" \/>\n<meta property=\"og:description\" content=\"Bu \u00fcretim standard\u0131 sayfas\u0131, \u00fcretim orta\u011f\u0131 a\u011f\u0131m\u0131z\u0131n ve kalite kontrol m\u00fchendislerimizin takip etti\u011fi standartlar konusunda size yol g\u00f6sterecektir.\" \/>\n<meta property=\"og:url\" content=\"https:\/\/xometry.com.tr\/tr\/uretim-standartlari\/\" \/>\n<meta property=\"og:site_name\" content=\"Xometry T\u00fcrkiye\" \/>\n<meta property=\"article:modified_time\" content=\"2025-02-06T15:29:41+00:00\" \/>\n<meta name=\"twitter:card\" content=\"summary_large_image\" \/>\n<script type=\"application\/ld+json\" class=\"yoast-schema-graph\">{\"@context\":\"https:\\\/\\\/schema.org\",\"@graph\":[{\"@type\":\"WebPage\",\"@id\":\"https:\\\/\\\/xometry.com.tr\\\/tr\\\/uretim-standartlari\\\/\",\"url\":\"https:\\\/\\\/xometry.com.tr\\\/tr\\\/uretim-standartlari\\\/\",\"name\":\"\u00dcretim Standartlar\u0131 | Xometry T\u00fcrkiye\",\"isPartOf\":{\"@id\":\"https:\\\/\\\/xometry.com.tr\\\/tr\\\/#website\"},\"datePublished\":\"2024-04-17T07:16:23+00:00\",\"dateModified\":\"2025-02-06T15:29:41+00:00\",\"description\":\"Bu \u00fcretim standard\u0131 sayfas\u0131, \u00fcretim orta\u011f\u0131 a\u011f\u0131m\u0131z\u0131n ve kalite kontrol m\u00fchendislerimizin takip etti\u011fi standartlar konusunda size yol g\u00f6sterecektir.\",\"breadcrumb\":{\"@id\":\"https:\\\/\\\/xometry.com.tr\\\/tr\\\/uretim-standartlari\\\/#breadcrumb\"},\"inLanguage\":\"tr\",\"potentialAction\":[{\"@type\":\"ReadAction\",\"target\":[\"https:\\\/\\\/xometry.com.tr\\\/tr\\\/uretim-standartlari\\\/\"]}]},{\"@type\":\"BreadcrumbList\",\"@id\":\"https:\\\/\\\/xometry.com.tr\\\/tr\\\/uretim-standartlari\\\/#breadcrumb\",\"itemListElement\":[{\"@type\":\"ListItem\",\"position\":1,\"name\":\"Home\",\"item\":\"https:\\\/\\\/xometry.com.tr\\\/tr\\\/\"},{\"@type\":\"ListItem\",\"position\":2,\"name\":\"\u00dcretim Standartlar\u0131\"}]},{\"@type\":\"WebSite\",\"@id\":\"https:\\\/\\\/xometry.com.tr\\\/tr\\\/#website\",\"url\":\"https:\\\/\\\/xometry.com.tr\\\/tr\\\/\",\"name\":\"Xometry T\u00fcrkiye\",\"description\":\"\",\"potentialAction\":[{\"@type\":\"SearchAction\",\"target\":{\"@type\":\"EntryPoint\",\"urlTemplate\":\"https:\\\/\\\/xometry.com.tr\\\/tr\\\/?s={search_term_string}\"},\"query-input\":{\"@type\":\"PropertyValueSpecification\",\"valueRequired\":true,\"valueName\":\"search_term_string\"}}],\"inLanguage\":\"tr\"}]}<\/script>\n<!-- \/ Yoast SEO Premium plugin. -->","yoast_head_json":{"title":"\u00dcretim Standartlar\u0131 | Xometry T\u00fcrkiye","description":"Bu \u00fcretim standard\u0131 sayfas\u0131, \u00fcretim orta\u011f\u0131 a\u011f\u0131m\u0131z\u0131n ve kalite kontrol m\u00fchendislerimizin takip etti\u011fi standartlar konusunda size yol g\u00f6sterecektir.","robots":{"index":"index","follow":"follow","max-snippet":"max-snippet:-1","max-image-preview":"max-image-preview:large","max-video-preview":"max-video-preview:-1"},"canonical":"https:\/\/xometry.com.tr\/tr\/uretim-standartlari\/","og_locale":"tr_TR","og_type":"article","og_title":"\u00dcretim Standartlar\u0131","og_description":"Bu \u00fcretim standard\u0131 sayfas\u0131, \u00fcretim orta\u011f\u0131 a\u011f\u0131m\u0131z\u0131n ve kalite kontrol m\u00fchendislerimizin takip etti\u011fi standartlar konusunda size yol g\u00f6sterecektir.","og_url":"https:\/\/xometry.com.tr\/tr\/uretim-standartlari\/","og_site_name":"Xometry T\u00fcrkiye","article_modified_time":"2025-02-06T15:29:41+00:00","twitter_card":"summary_large_image","schema":{"@context":"https:\/\/schema.org","@graph":[{"@type":"WebPage","@id":"https:\/\/xometry.com.tr\/tr\/uretim-standartlari\/","url":"https:\/\/xometry.com.tr\/tr\/uretim-standartlari\/","name":"\u00dcretim Standartlar\u0131 | Xometry T\u00fcrkiye","isPartOf":{"@id":"https:\/\/xometry.com.tr\/tr\/#website"},"datePublished":"2024-04-17T07:16:23+00:00","dateModified":"2025-02-06T15:29:41+00:00","description":"Bu \u00fcretim standard\u0131 sayfas\u0131, \u00fcretim orta\u011f\u0131 a\u011f\u0131m\u0131z\u0131n ve kalite kontrol m\u00fchendislerimizin takip etti\u011fi standartlar konusunda size yol g\u00f6sterecektir.","breadcrumb":{"@id":"https:\/\/xometry.com.tr\/tr\/uretim-standartlari\/#breadcrumb"},"inLanguage":"tr","potentialAction":[{"@type":"ReadAction","target":["https:\/\/xometry.com.tr\/tr\/uretim-standartlari\/"]}]},{"@type":"BreadcrumbList","@id":"https:\/\/xometry.com.tr\/tr\/uretim-standartlari\/#breadcrumb","itemListElement":[{"@type":"ListItem","position":1,"name":"Home","item":"https:\/\/xometry.com.tr\/tr\/"},{"@type":"ListItem","position":2,"name":"\u00dcretim Standartlar\u0131"}]},{"@type":"WebSite","@id":"https:\/\/xometry.com.tr\/tr\/#website","url":"https:\/\/xometry.com.tr\/tr\/","name":"Xometry T\u00fcrkiye","description":"","potentialAction":[{"@type":"SearchAction","target":{"@type":"EntryPoint","urlTemplate":"https:\/\/xometry.com.tr\/tr\/?s={search_term_string}"},"query-input":{"@type":"PropertyValueSpecification","valueRequired":true,"valueName":"search_term_string"}}],"inLanguage":"tr"}]}},"_links":{"self":[{"href":"https:\/\/xometry.com.tr\/tr\/wp-json\/wp\/v2\/pages\/31837","targetHints":{"allow":["GET"]}}],"collection":[{"href":"https:\/\/xometry.com.tr\/tr\/wp-json\/wp\/v2\/pages"}],"about":[{"href":"https:\/\/xometry.com.tr\/tr\/wp-json\/wp\/v2\/types\/page"}],"author":[{"embeddable":true,"href":"https:\/\/xometry.com.tr\/tr\/wp-json\/wp\/v2\/users\/10"}],"replies":[{"embeddable":true,"href":"https:\/\/xometry.com.tr\/tr\/wp-json\/wp\/v2\/comments?post=31837"}],"version-history":[{"count":20,"href":"https:\/\/xometry.com.tr\/tr\/wp-json\/wp\/v2\/pages\/31837\/revisions"}],"predecessor-version":[{"id":36029,"href":"https:\/\/xometry.com.tr\/tr\/wp-json\/wp\/v2\/pages\/31837\/revisions\/36029"}],"wp:attachment":[{"href":"https:\/\/xometry.com.tr\/tr\/wp-json\/wp\/v2\/media?parent=31837"}],"curies":[{"name":"wp","href":"https:\/\/api.w.org\/{rel}","templated":true}]}}