{"id":34258,"date":"2024-06-07T12:33:26","date_gmt":"2024-06-07T12:33:26","guid":{"rendered":"https:\/\/xometry.com.tr\/team-2\/"},"modified":"2026-01-09T10:18:06","modified_gmt":"2026-01-09T10:18:06","slug":"uzman-ekibimizle-tanisin","status":"publish","type":"page","link":"https:\/\/xometry.com.tr\/tr\/uzman-ekibimizle-tanisin\/","title":{"rendered":"Xometry T\u00fcrkiye Ekibi"},"content":{"rendered":"","protected":false},"excerpt":{"rendered":"","protected":false},"author":10,"featured_media":0,"parent":0,"menu_order":0,"comment_status":"closed","ping_status":"closed","template":"template-team.php","meta":{"_acf_changed":false,"inline_featured_image":false,"footnotes":""},"class_list":["post-34258","page","type-page","status-publish","hentry"],"acf":[],"yoast_head":"<!-- This site is optimized with the Yoast SEO Premium plugin v20.5 (Yoast SEO v27.1.1) - https:\/\/yoast.com\/product\/yoast-seo-premium-wordpress\/ -->\n<title>Xometry T\u00fcrkiye Ekibiyle Tan\u0131\u015f\u0131n | Xometry T\u00fcrkiye<\/title>\n<meta name=\"description\" content=\"Xometry T\u00fcrkiye ekibiyle tan\u0131\u015f\u0131n: teknik m\u00fchendislik, sat\u0131\u015f ve operasyon alanlar\u0131nda uzman ekibimizle tan\u0131\u015f\u0131n\" \/>\n<meta name=\"robots\" content=\"index, follow, max-snippet:-1, max-image-preview:large, max-video-preview:-1\" \/>\n<link rel=\"canonical\" href=\"https:\/\/xometry.com.tr\/tr\/uzman-ekibimizle-tanisin\/\" \/>\n<meta property=\"og:locale\" content=\"tr_TR\" \/>\n<meta property=\"og:type\" content=\"article\" \/>\n<meta property=\"og:title\" content=\"Xometry T\u00fcrkiye Ekibi\" \/>\n<meta property=\"og:description\" content=\"Xometry T\u00fcrkiye ekibiyle tan\u0131\u015f\u0131n: teknik m\u00fchendislik, sat\u0131\u015f ve operasyon alanlar\u0131nda uzman ekibimizle tan\u0131\u015f\u0131n\" \/>\n<meta property=\"og:url\" content=\"https:\/\/xometry.com.tr\/tr\/uzman-ekibimizle-tanisin\/\" \/>\n<meta property=\"og:site_name\" content=\"Xometry T\u00fcrkiye\" \/>\n<meta property=\"article:modified_time\" content=\"2026-01-09T10:18:06+00:00\" \/>\n<meta name=\"twitter:card\" content=\"summary_large_image\" \/>\n<script type=\"application\/ld+json\" class=\"yoast-schema-graph\">{\"@context\":\"https:\/\/schema.org\",\"@graph\":[{\"@type\":\"WebPage\",\"@id\":\"https:\/\/xometry.com.tr\/tr\/uzman-ekibimizle-tanisin\/\",\"url\":\"https:\/\/xometry.com.tr\/tr\/uzman-ekibimizle-tanisin\/\",\"name\":\"Xometry T\u00fcrkiye Ekibiyle Tan\u0131\u015f\u0131n | Xometry T\u00fcrkiye\",\"isPartOf\":{\"@id\":\"https:\/\/xometry.com.tr\/tr\/#website\"},\"datePublished\":\"2024-06-07T12:33:26+00:00\",\"dateModified\":\"2026-01-09T10:18:06+00:00\",\"description\":\"Xometry T\u00fcrkiye ekibiyle tan\u0131\u015f\u0131n: teknik m\u00fchendislik, sat\u0131\u015f ve operasyon alanlar\u0131nda uzman ekibimizle tan\u0131\u015f\u0131n\",\"breadcrumb\":{\"@id\":\"https:\/\/xometry.com.tr\/tr\/uzman-ekibimizle-tanisin\/#breadcrumb\"},\"inLanguage\":\"tr\",\"potentialAction\":[{\"@type\":\"ReadAction\",\"target\":[\"https:\/\/xometry.com.tr\/tr\/uzman-ekibimizle-tanisin\/\"]}]},{\"@type\":\"BreadcrumbList\",\"@id\":\"https:\/\/xometry.com.tr\/tr\/uzman-ekibimizle-tanisin\/#breadcrumb\",\"itemListElement\":[{\"@type\":\"ListItem\",\"position\":1,\"name\":\"Home\",\"item\":\"https:\/\/xometry.com.tr\/tr\/\"},{\"@type\":\"ListItem\",\"position\":2,\"name\":\"Xometry T\u00fcrkiye Ekibi\"}]},{\"@type\":\"WebSite\",\"@id\":\"https:\/\/xometry.com.tr\/tr\/#website\",\"url\":\"https:\/\/xometry.com.tr\/tr\/\",\"name\":\"Xometry T\u00fcrkiye\",\"description\":\"\",\"potentialAction\":[{\"@type\":\"SearchAction\",\"target\":{\"@type\":\"EntryPoint\",\"urlTemplate\":\"https:\/\/xometry.com.tr\/tr\/?s={search_term_string}\"},\"query-input\":{\"@type\":\"PropertyValueSpecification\",\"valueRequired\":true,\"valueName\":\"search_term_string\"}}],\"inLanguage\":\"tr\"}]}<\/script>\n<!-- \/ Yoast SEO Premium plugin. -->","yoast_head_json":{"title":"Xometry T\u00fcrkiye Ekibiyle Tan\u0131\u015f\u0131n | Xometry T\u00fcrkiye","description":"Xometry T\u00fcrkiye ekibiyle tan\u0131\u015f\u0131n: teknik m\u00fchendislik, sat\u0131\u015f ve operasyon alanlar\u0131nda uzman ekibimizle tan\u0131\u015f\u0131n","robots":{"index":"index","follow":"follow","max-snippet":"max-snippet:-1","max-image-preview":"max-image-preview:large","max-video-preview":"max-video-preview:-1"},"canonical":"https:\/\/xometry.com.tr\/tr\/uzman-ekibimizle-tanisin\/","og_locale":"tr_TR","og_type":"article","og_title":"Xometry T\u00fcrkiye Ekibi","og_description":"Xometry T\u00fcrkiye ekibiyle tan\u0131\u015f\u0131n: teknik m\u00fchendislik, sat\u0131\u015f ve operasyon alanlar\u0131nda uzman ekibimizle tan\u0131\u015f\u0131n","og_url":"https:\/\/xometry.com.tr\/tr\/uzman-ekibimizle-tanisin\/","og_site_name":"Xometry T\u00fcrkiye","article_modified_time":"2026-01-09T10:18:06+00:00","twitter_card":"summary_large_image","schema":{"@context":"https:\/\/schema.org","@graph":[{"@type":"WebPage","@id":"https:\/\/xometry.com.tr\/tr\/uzman-ekibimizle-tanisin\/","url":"https:\/\/xometry.com.tr\/tr\/uzman-ekibimizle-tanisin\/","name":"Xometry T\u00fcrkiye Ekibiyle Tan\u0131\u015f\u0131n | Xometry T\u00fcrkiye","isPartOf":{"@id":"https:\/\/xometry.com.tr\/tr\/#website"},"datePublished":"2024-06-07T12:33:26+00:00","dateModified":"2026-01-09T10:18:06+00:00","description":"Xometry T\u00fcrkiye ekibiyle tan\u0131\u015f\u0131n: teknik m\u00fchendislik, sat\u0131\u015f ve operasyon alanlar\u0131nda uzman ekibimizle tan\u0131\u015f\u0131n","breadcrumb":{"@id":"https:\/\/xometry.com.tr\/tr\/uzman-ekibimizle-tanisin\/#breadcrumb"},"inLanguage":"tr","potentialAction":[{"@type":"ReadAction","target":["https:\/\/xometry.com.tr\/tr\/uzman-ekibimizle-tanisin\/"]}]},{"@type":"BreadcrumbList","@id":"https:\/\/xometry.com.tr\/tr\/uzman-ekibimizle-tanisin\/#breadcrumb","itemListElement":[{"@type":"ListItem","position":1,"name":"Home","item":"https:\/\/xometry.com.tr\/tr\/"},{"@type":"ListItem","position":2,"name":"Xometry T\u00fcrkiye Ekibi"}]},{"@type":"WebSite","@id":"https:\/\/xometry.com.tr\/tr\/#website","url":"https:\/\/xometry.com.tr\/tr\/","name":"Xometry T\u00fcrkiye","description":"","potentialAction":[{"@type":"SearchAction","target":{"@type":"EntryPoint","urlTemplate":"https:\/\/xometry.com.tr\/tr\/?s={search_term_string}"},"query-input":{"@type":"PropertyValueSpecification","valueRequired":true,"valueName":"search_term_string"}}],"inLanguage":"tr"}]}},"_links":{"self":[{"href":"https:\/\/xometry.com.tr\/tr\/wp-json\/wp\/v2\/pages\/34258","targetHints":{"allow":["GET"]}}],"collection":[{"href":"https:\/\/xometry.com.tr\/tr\/wp-json\/wp\/v2\/pages"}],"about":[{"href":"https:\/\/xometry.com.tr\/tr\/wp-json\/wp\/v2\/types\/page"}],"author":[{"embeddable":true,"href":"https:\/\/xometry.com.tr\/tr\/wp-json\/wp\/v2\/users\/10"}],"replies":[{"embeddable":true,"href":"https:\/\/xometry.com.tr\/tr\/wp-json\/wp\/v2\/comments?post=34258"}],"version-history":[{"count":20,"href":"https:\/\/xometry.com.tr\/tr\/wp-json\/wp\/v2\/pages\/34258\/revisions"}],"predecessor-version":[{"id":38082,"href":"https:\/\/xometry.com.tr\/tr\/wp-json\/wp\/v2\/pages\/34258\/revisions\/38082"}],"wp:attachment":[{"href":"https:\/\/xometry.com.tr\/tr\/wp-json\/wp\/v2\/media?parent=34258"}],"curies":[{"name":"wp","href":"https:\/\/api.w.org\/{rel}","templated":true}]}}