{"id":3665,"date":"2023-01-16T13:23:53","date_gmt":"2023-01-16T13:23:53","guid":{"rendered":"http:\/\/staging_wp.xometry.com.tr\/mjf-3d-printing\/"},"modified":"2026-03-16T11:28:06","modified_gmt":"2026-03-16T11:28:06","slug":"3d-baski-mjf","status":"publish","type":"page","link":"https:\/\/xometry.com.tr\/tr\/3d-baski-mjf\/","title":{"rendered":"HP Multi Jet Fusion (MJF)"},"content":{"rendered":"","protected":false},"excerpt":{"rendered":"","protected":false},"author":11,"featured_media":0,"parent":0,"menu_order":0,"comment_status":"closed","ping_status":"closed","template":"","meta":{"_acf_changed":false,"inline_featured_image":false,"footnotes":""},"class_list":["post-3665","page","type-page","status-publish","hentry"],"acf":[],"yoast_head":"<!-- This site is optimized with the Yoast SEO Premium plugin v20.5 (Yoast SEO v27.1.1) - https:\/\/yoast.com\/product\/yoast-seo-premium-wordpress\/ -->\n<title>Online MJF 3D Bask\u0131 Hizmeti | 4 G\u00fcnde \u00dcretim | Xometry T\u00fcrkiye<\/title>\n<meta name=\"description\" content=\"Profesyonel HP MJF 3D Bask\u0131 hizmetleri: h\u0131zl\u0131 prototipleme &amp; az adetli seri \u00fcretim. An\u0131nda fiyat teklifi almak i\u00e7in platforma modelinizi y\u00fckleyin!\" \/>\n<meta name=\"robots\" content=\"index, follow, max-snippet:-1, max-image-preview:large, max-video-preview:-1\" \/>\n<link rel=\"canonical\" href=\"https:\/\/xometry.com.tr\/tr\/3d-baski-mjf\/\" \/>\n<meta property=\"og:locale\" content=\"tr_TR\" \/>\n<meta property=\"og:type\" content=\"article\" \/>\n<meta property=\"og:title\" content=\"Online MJF 3D Bask\u0131 Hizmeti | Eklemeli \u0130malat | Xometry T\u00fcrkiye\" \/>\n<meta property=\"og:description\" content=\"Profesyonel HP MJF 3D Bask\u0131 hizmetleri: h\u0131zl\u0131 prototipleme &amp; az adetli seri \u00fcretim. An\u0131nda fiyat teklifi almak i\u00e7in platforma modelinizi y\u00fckleyin!\" \/>\n<meta property=\"og:url\" content=\"https:\/\/xometry.com.tr\/tr\/3d-baski-mjf\/\" \/>\n<meta property=\"og:site_name\" content=\"Xometry T\u00fcrkiye\" \/>\n<meta property=\"article:modified_time\" content=\"2026-03-16T11:28:06+00:00\" \/>\n<meta property=\"og:image\" content=\"https:\/\/xometry.com.tr\/wp-content\/uploads\/sites\/3\/2023\/09\/TR-MJF-service-page.jpg\" \/>\n\t<meta property=\"og:image:width\" content=\"2400\" \/>\n\t<meta property=\"og:image:height\" content=\"1229\" \/>\n\t<meta property=\"og:image:type\" content=\"image\/jpeg\" \/>\n<meta name=\"twitter:card\" content=\"summary_large_image\" \/>\n<meta name=\"twitter:title\" content=\"Online MJF 3D Bask\u0131 Hizmeti | Eklemeli \u0130malat | Xometry T\u00fcrkiye\" \/>\n<meta name=\"twitter:description\" content=\"Profesyonel HP Multi Jet Fusion 3D Bask\u0131 hizmetleri: h\u0131zl\u0131 prototipleme &amp; az adetli seri \u00fcretim. An\u0131nda fiyat teklifi almak i\u00e7in platforma modelinizi y\u00fckleyin!\" \/>\n<meta name=\"twitter:image\" content=\"https:\/\/xometry.com.tr\/wp-content\/uploads\/sites\/3\/2023\/09\/TR-MJF-service-page.jpg\" \/>\n<script type=\"application\/ld+json\" class=\"yoast-schema-graph\">{\"@context\":\"https:\/\/schema.org\",\"@graph\":[{\"@type\":\"WebPage\",\"@id\":\"https:\/\/xometry.com.tr\/tr\/3d-baski-mjf\/\",\"url\":\"https:\/\/xometry.com.tr\/tr\/3d-baski-mjf\/\",\"name\":\"Online MJF 3D Bask\u0131 Hizmeti | 4 G\u00fcnde \u00dcretim | Xometry T\u00fcrkiye\",\"isPartOf\":{\"@id\":\"https:\/\/xometry.com.tr\/tr\/#website\"},\"datePublished\":\"2023-01-16T13:23:53+00:00\",\"dateModified\":\"2026-03-16T11:28:06+00:00\",\"description\":\"Profesyonel HP MJF 3D Bask\u0131 hizmetleri: h\u0131zl\u0131 prototipleme & az adetli seri \u00fcretim. An\u0131nda fiyat teklifi almak i\u00e7in platforma modelinizi y\u00fckleyin!\",\"breadcrumb\":{\"@id\":\"https:\/\/xometry.com.tr\/tr\/3d-baski-mjf\/#breadcrumb\"},\"inLanguage\":\"tr\",\"potentialAction\":[{\"@type\":\"ReadAction\",\"target\":[\"https:\/\/xometry.com.tr\/tr\/3d-baski-mjf\/\"]}]},{\"@type\":\"BreadcrumbList\",\"@id\":\"https:\/\/xometry.com.tr\/tr\/3d-baski-mjf\/#breadcrumb\",\"itemListElement\":[{\"@type\":\"ListItem\",\"position\":1,\"name\":\"Home\",\"item\":\"https:\/\/xometry.com.tr\/tr\/\"},{\"@type\":\"ListItem\",\"position\":2,\"name\":\"HP Multi Jet Fusion (MJF)\"}]},{\"@type\":\"WebSite\",\"@id\":\"https:\/\/xometry.com.tr\/tr\/#website\",\"url\":\"https:\/\/xometry.com.tr\/tr\/\",\"name\":\"Xometry T\u00fcrkiye\",\"description\":\"\",\"potentialAction\":[{\"@type\":\"SearchAction\",\"target\":{\"@type\":\"EntryPoint\",\"urlTemplate\":\"https:\/\/xometry.com.tr\/tr\/?s={search_term_string}\"},\"query-input\":{\"@type\":\"PropertyValueSpecification\",\"valueRequired\":true,\"valueName\":\"search_term_string\"}}],\"inLanguage\":\"tr\"}]}<\/script>\n<!-- \/ Yoast SEO Premium plugin. -->","yoast_head_json":{"title":"Online MJF 3D Bask\u0131 Hizmeti | 4 G\u00fcnde \u00dcretim | Xometry T\u00fcrkiye","description":"Profesyonel HP MJF 3D Bask\u0131 hizmetleri: h\u0131zl\u0131 prototipleme & az adetli seri \u00fcretim. An\u0131nda fiyat teklifi almak i\u00e7in platforma modelinizi y\u00fckleyin!","robots":{"index":"index","follow":"follow","max-snippet":"max-snippet:-1","max-image-preview":"max-image-preview:large","max-video-preview":"max-video-preview:-1"},"canonical":"https:\/\/xometry.com.tr\/tr\/3d-baski-mjf\/","og_locale":"tr_TR","og_type":"article","og_title":"Online MJF 3D Bask\u0131 Hizmeti | Eklemeli \u0130malat | Xometry T\u00fcrkiye","og_description":"Profesyonel HP MJF 3D Bask\u0131 hizmetleri: h\u0131zl\u0131 prototipleme & az adetli seri \u00fcretim. An\u0131nda fiyat teklifi almak i\u00e7in platforma modelinizi y\u00fckleyin!","og_url":"https:\/\/xometry.com.tr\/tr\/3d-baski-mjf\/","og_site_name":"Xometry T\u00fcrkiye","article_modified_time":"2026-03-16T11:28:06+00:00","og_image":[{"width":2400,"height":1229,"url":"https:\/\/xometry.com.tr\/wp-content\/uploads\/sites\/3\/2023\/09\/TR-MJF-service-page.jpg","type":"image\/jpeg"}],"twitter_card":"summary_large_image","twitter_title":"Online MJF 3D Bask\u0131 Hizmeti | Eklemeli \u0130malat | Xometry T\u00fcrkiye","twitter_description":"Profesyonel HP Multi Jet Fusion 3D Bask\u0131 hizmetleri: h\u0131zl\u0131 prototipleme & az adetli seri \u00fcretim. An\u0131nda fiyat teklifi almak i\u00e7in platforma modelinizi y\u00fckleyin!","twitter_image":"https:\/\/xometry.com.tr\/wp-content\/uploads\/sites\/3\/2023\/09\/TR-MJF-service-page.jpg","schema":{"@context":"https:\/\/schema.org","@graph":[{"@type":"WebPage","@id":"https:\/\/xometry.com.tr\/tr\/3d-baski-mjf\/","url":"https:\/\/xometry.com.tr\/tr\/3d-baski-mjf\/","name":"Online MJF 3D Bask\u0131 Hizmeti | 4 G\u00fcnde \u00dcretim | Xometry T\u00fcrkiye","isPartOf":{"@id":"https:\/\/xometry.com.tr\/tr\/#website"},"datePublished":"2023-01-16T13:23:53+00:00","dateModified":"2026-03-16T11:28:06+00:00","description":"Profesyonel HP MJF 3D Bask\u0131 hizmetleri: h\u0131zl\u0131 prototipleme & az adetli seri \u00fcretim. An\u0131nda fiyat teklifi almak i\u00e7in platforma modelinizi y\u00fckleyin!","breadcrumb":{"@id":"https:\/\/xometry.com.tr\/tr\/3d-baski-mjf\/#breadcrumb"},"inLanguage":"tr","potentialAction":[{"@type":"ReadAction","target":["https:\/\/xometry.com.tr\/tr\/3d-baski-mjf\/"]}]},{"@type":"BreadcrumbList","@id":"https:\/\/xometry.com.tr\/tr\/3d-baski-mjf\/#breadcrumb","itemListElement":[{"@type":"ListItem","position":1,"name":"Home","item":"https:\/\/xometry.com.tr\/tr\/"},{"@type":"ListItem","position":2,"name":"HP Multi Jet Fusion (MJF)"}]},{"@type":"WebSite","@id":"https:\/\/xometry.com.tr\/tr\/#website","url":"https:\/\/xometry.com.tr\/tr\/","name":"Xometry T\u00fcrkiye","description":"","potentialAction":[{"@type":"SearchAction","target":{"@type":"EntryPoint","urlTemplate":"https:\/\/xometry.com.tr\/tr\/?s={search_term_string}"},"query-input":{"@type":"PropertyValueSpecification","valueRequired":true,"valueName":"search_term_string"}}],"inLanguage":"tr"}]}},"_links":{"self":[{"href":"https:\/\/xometry.com.tr\/tr\/wp-json\/wp\/v2\/pages\/3665","targetHints":{"allow":["GET"]}}],"collection":[{"href":"https:\/\/xometry.com.tr\/tr\/wp-json\/wp\/v2\/pages"}],"about":[{"href":"https:\/\/xometry.com.tr\/tr\/wp-json\/wp\/v2\/types\/page"}],"author":[{"embeddable":true,"href":"https:\/\/xometry.com.tr\/tr\/wp-json\/wp\/v2\/users\/11"}],"replies":[{"embeddable":true,"href":"https:\/\/xometry.com.tr\/tr\/wp-json\/wp\/v2\/comments?post=3665"}],"version-history":[{"count":9,"href":"https:\/\/xometry.com.tr\/tr\/wp-json\/wp\/v2\/pages\/3665\/revisions"}],"predecessor-version":[{"id":38616,"href":"https:\/\/xometry.com.tr\/tr\/wp-json\/wp\/v2\/pages\/3665\/revisions\/38616"}],"wp:attachment":[{"href":"https:\/\/xometry.com.tr\/tr\/wp-json\/wp\/v2\/media?parent=3665"}],"curies":[{"name":"wp","href":"https:\/\/api.w.org\/{rel}","templated":true}]}}