{"id":37940,"date":"2025-10-02T10:48:35","date_gmt":"2025-10-02T10:48:35","guid":{"rendered":"https:\/\/xometry.com.tr\/2026-manufacturing-outlook-european-edition\/"},"modified":"2025-10-02T15:52:14","modified_gmt":"2025-10-02T15:52:14","slug":"2026-avrupa-imalat-sektoru-raporu","status":"publish","type":"page","link":"https:\/\/xometry.com.tr\/tr\/2026-avrupa-imalat-sektoru-raporu\/","title":{"rendered":"2026 Manufacturing Outlook: European Edition"},"content":{"rendered":"<section class=\"hero  light light-to-dark-gradient printing-3d-page\" >\r\n        <img decoding=\"async\" src=\"https:\/\/xometry.com.tr\/wp-content\/uploads\/sites\/3\/2025\/10\/Frame-4-4-scaled-1.webp\" alt=\"Avrupa \u0130malat End\u00fcstrisi 2026: Trendler ve \u00d6ng\u00f6r\u00fcler\" class=\"hero__left-image\" \/>\r\n            <img decoding=\"async\" src=\"https:\/\/xometry.com.tr\/wp-content\/uploads\/sites\/3\/2025\/10\/Group-3-scaled-1.webp\" alt=\"Avrupa \u0130malat End\u00fcstrisi 2026: Trendler ve \u00d6ng\u00f6r\u00fcler\" class=\"hero__right-image\" \/>\r\n        <div class=\"hero__container section container\" style=\"\">\r\n        <div class=\"hero__title-wrapper\">\r\n            <h1 class=\"title title--01\">Avrupa \u0130malat End\u00fcstrisi 2026: Trendler ve \u00d6ng\u00f6r\u00fcler<\/h1>\r\n            <div><p>ABD ve Avrupa&#8217;daki (Fransa, Almanya, \u0130talya, \u0130spanya ve Birle\u015fik Krall\u0131k) imalat firmalar\u0131n\u0131n y\u00f6neticileriyle yap\u0131lan anketlere dayanan bu rapor, \u00fcreticilerin \u00e7abalar\u0131n\u0131n nereye odaklad\u0131klar\u0131n\u0131, kar\u015f\u0131la\u015ft\u0131klar\u0131 zorluklar\u0131 ve 2026 y\u0131l\u0131nda rekabet g\u00fcc\u00fcn\u00fc art\u0131racak stratejileri ortaya koyuyor.<\/p>\n<\/div>\r\n                    <\/div>\r\n        <div class=\"hero__cards-list\">\r\n                    <\/div>\r\n            <\/div>\r\n<\/section>\n\n<section class=\"process-slider light light-to-dark-gradient\">\r\n  <div class=\"process-slider__container section container\">\r\n        <div class=\"section__title-wrapper\">\r\n                    <h2 class=\"title title--02\">Rapor Ba\u015fl\u0131klar\u0131 ve G\u00f6r\u00fc\u015fler<\/h2>\r\n            <\/div>\r\n    <div class=\"process-slider__slider-wrapper\">\r\n                    <div class=\"process-slider__small-slider\">\r\n                                    <button class=\"process-slider__small-slider-item\">\r\n                        <span class=\"title title--03\">1.<\/span> \r\n                        <h3 class=\"title title--03\">Yapay Zeka Adaptasyonu<\/h3>\r\n                    <\/button>\r\n                                    <button class=\"process-slider__small-slider-item\">\r\n                        <span class=\"title title--03\">2.<\/span> \r\n                        <h3 class=\"title title--03\">Operasyonel \u00c7eviklik<\/h3>\r\n                    <\/button>\r\n                                    <button class=\"process-slider__small-slider-item\">\r\n                        <span class=\"title title--03\">3.<\/span> \r\n                        <h3 class=\"title title--03\">M\u00fc\u015fteri Talepleri<\/h3>\r\n                    <\/button>\r\n                                    <button class=\"process-slider__small-slider-item\">\r\n                        <span class=\"title title--03\">4.<\/span> \r\n                        <h3 class=\"title title--03\">Fiyatland\u0131rma ve Tedarik<\/h3>\r\n                    <\/button>\r\n                \r\n                <div class=\"process-slider__progress\">\r\n                    <div class=\"process-slider__progress-bar\"><\/div>\r\n                <\/div>\r\n            <\/div>\r\n\r\n            <div class=\"process-slider__big-slider\">\r\n                                    <button class=\"process-slider__big-slider-mobile-btn\">\r\n                        <span class=\"title title--03\">1.<\/span> \r\n                        <h3 class=\"title title--03\">Yapay Zeka Adaptasyonu<\/h3>\r\n                    <\/button>\r\n\r\n                    <div class=\"process-slider__big-slider-item\">\r\n                        <div class=\"process-slider__big-slider-main\">\r\n                            <h3 class=\"title title--04\">Yapay Zeka Adaptasyonu<\/h3>\r\n                            <div class=\"process-slider__big-slider-text text-l\">\r\n                                <p>\u015eirketlerin Yapay Zeka&#8217;ya bak\u0131\u015f a\u00e7\u0131s\u0131. Yapay Zeka bir b\u00fcy\u00fcme fakt\u00f6r\u00fc m\u00fc yoksa hala moda bir kavram m\u0131? \u0130pucu: \u00dcreticilerin %82&#8217;si yapay zekay\u0131 bir b\u00fcy\u00fcme fakt\u00f6r\u00fc olarak g\u00f6r\u00fcyor, ancak yetenek a\u00e7\u0131\u011f\u0131 devam ediyor.<\/p>\n                            <\/div>\r\n                                                    <\/div>\r\n                                                    <div class=\"process-slider__big-slider-image\">\r\n                                <img decoding=\"async\" src=\"https:\/\/xometry.com.tr\/wp-content\/uploads\/sites\/3\/2025\/10\/AI-outlook-1.png\" alt=\"Step Image\">\r\n                            <\/div>\r\n                                            <\/div>\r\n                                    <button class=\"process-slider__big-slider-mobile-btn\">\r\n                        <span class=\"title title--03\">2.<\/span> \r\n                        <h3 class=\"title title--03\">Operasyonel \u00c7eviklik<\/h3>\r\n                    <\/button>\r\n\r\n                    <div class=\"process-slider__big-slider-item\">\r\n                        <div class=\"process-slider__big-slider-main\">\r\n                            <h3 class=\"title title--04\">Operasyonel \u00c7eviklik<\/h3>\r\n                            <div class=\"process-slider__big-slider-text text-l\">\r\n                                <p>G\u00fcmr\u00fck vergilerinden jeopolitik gerginliklere ve COVID-19&#8217;un ard\u0131ndan ya\u015fananlara kadar son d\u00f6nemdeki aksakl\u0131klar\u0131n tedarik zincirlerini nas\u0131l yeniden \u015fekillendirdi\u011fi.<\/p>\n                            <\/div>\r\n                                                    <\/div>\r\n                                                    <div class=\"process-slider__big-slider-image\">\r\n                                <img decoding=\"async\" src=\"https:\/\/xometry.com.tr\/wp-content\/uploads\/sites\/3\/2025\/10\/agility-outlook.webp\" alt=\"Step Image\">\r\n                            <\/div>\r\n                                            <\/div>\r\n                                    <button class=\"process-slider__big-slider-mobile-btn\">\r\n                        <span class=\"title title--03\">3.<\/span> \r\n                        <h3 class=\"title title--03\">M\u00fc\u015fteri Talepleri<\/h3>\r\n                    <\/button>\r\n\r\n                    <div class=\"process-slider__big-slider-item\">\r\n                        <div class=\"process-slider__big-slider-main\">\r\n                            <h3 class=\"title title--04\">M\u00fc\u015fteri Talepleri<\/h3>\r\n                            <div class=\"process-slider__big-slider-text text-l\">\r\n                                <p>Avrupal\u0131 \u00fcreticiler i\u00e7in m\u00fc\u015fteri beklentilerindeki en \u00f6nemli de\u011fi\u015fimler.<\/p>\n                            <\/div>\r\n                                                    <\/div>\r\n                                                    <div class=\"process-slider__big-slider-image\">\r\n                                <img decoding=\"async\" src=\"https:\/\/xometry.com.tr\/wp-content\/uploads\/sites\/3\/2025\/10\/customer-outlook.png\" alt=\"Step Image\">\r\n                            <\/div>\r\n                                            <\/div>\r\n                                    <button class=\"process-slider__big-slider-mobile-btn\">\r\n                        <span class=\"title title--03\">4.<\/span> \r\n                        <h3 class=\"title title--03\">Fiyatland\u0131rma ve Tedarik<\/h3>\r\n                    <\/button>\r\n\r\n                    <div class=\"process-slider__big-slider-item\">\r\n                        <div class=\"process-slider__big-slider-main\">\r\n                            <h3 class=\"title title--04\">Fiyatland\u0131rma ve Tedarik<\/h3>\r\n                            <div class=\"process-slider__big-slider-text text-l\">\r\n                                <p>\u00dcreticilerin %71&#8217;i 2025&#8217;te fiyatlar\u0131n\u0131 art\u0131rd\u0131. 2026&#8217;da neler olacak ve m\u00fc\u015fteriler buna nas\u0131l tepki verdi?<\/p>\n                            <\/div>\r\n                                                    <\/div>\r\n                                                    <div class=\"process-slider__big-slider-image\">\r\n                                <img decoding=\"async\" src=\"https:\/\/xometry.com.tr\/wp-content\/uploads\/sites\/3\/2025\/10\/pricing-outlook.webp\" alt=\"Step Image\">\r\n                            <\/div>\r\n                                            <\/div>\r\n                            <\/div>\r\n            <\/div>\r\n\r\n        <div class=\"call-to-action\">\r\n                    <a href=\"https:\/\/xometry.eu\/wp-content\/uploads\/2025\/09\/2026-Manufacturing-Outlook-European-Edition.pdf\" class=\"btn btn--primary\" target=\"_blank\">Raporu \u0130ndir<\/a>\r\n            <\/div>\r\n  <\/div>\r\n<\/section>","protected":false},"excerpt":{"rendered":"","protected":false},"author":14,"featured_media":37912,"parent":0,"menu_order":0,"comment_status":"closed","ping_status":"closed","template":"template-new-style.php","meta":{"_acf_changed":false,"inline_featured_image":false,"footnotes":""},"class_list":["post-37940","page","type-page","status-publish","has-post-thumbnail","hentry"],"acf":[],"yoast_head":"<!-- This site is optimized with the Yoast SEO Premium plugin v20.5 (Yoast SEO v27.3) - https:\/\/yoast.com\/product\/yoast-seo-premium-wordpress\/ -->\n<title>2026 Avrupa \u0130malat Sekt\u00f6r\u00fc Raporu| Xometry T\u00fcrkiye<\/title>\n<meta name=\"description\" content=\"2026\u2019da imalat sekt\u00f6r\u00fcn\u00fc \u015fekillendirecek temel trendleri ve stratejileri ke\u015ffedin; rekabette \u00f6ne ge\u00e7in ve b\u00fcy\u00fcmeyi h\u0131zland\u0131r\u0131n.\" \/>\n<meta name=\"robots\" content=\"index, follow, max-snippet:-1, max-image-preview:large, max-video-preview:-1\" \/>\n<link rel=\"canonical\" href=\"https:\/\/xometry.com.tr\/tr\/2026-avrupa-imalat-sektoru-raporu\/\" \/>\n<meta property=\"og:locale\" content=\"tr_TR\" \/>\n<meta property=\"og:type\" content=\"article\" \/>\n<meta property=\"og:title\" content=\"2026 Manufacturing Outlook: European Edition\" \/>\n<meta property=\"og:description\" content=\"2026\u2019da imalat sekt\u00f6r\u00fcn\u00fc \u015fekillendirecek temel trendleri ve stratejileri ke\u015ffedin; rekabette \u00f6ne ge\u00e7in ve b\u00fcy\u00fcmeyi h\u0131zland\u0131r\u0131n.\" \/>\n<meta property=\"og:url\" content=\"https:\/\/xometry.com.tr\/tr\/2026-avrupa-imalat-sektoru-raporu\/\" \/>\n<meta property=\"og:site_name\" content=\"Xometry T\u00fcrkiye\" \/>\n<meta property=\"article:modified_time\" content=\"2025-10-02T15:52:14+00:00\" \/>\n<meta property=\"og:image\" content=\"https:\/\/xometry.com.tr\/wp-content\/uploads\/sites\/3\/2025\/10\/Manufacturing-Outlook-Europe.png\" \/>\n\t<meta property=\"og:image:width\" content=\"1200\" \/>\n\t<meta property=\"og:image:height\" content=\"628\" \/>\n\t<meta property=\"og:image:type\" content=\"image\/png\" \/>\n<meta name=\"twitter:card\" content=\"summary_large_image\" \/>\n<meta name=\"twitter:label1\" content=\"Tahmini okuma s\u00fcresi\" \/>\n\t<meta name=\"twitter:data1\" content=\"1 dakika\" \/>\n<script type=\"application\/ld+json\" class=\"yoast-schema-graph\">{\"@context\":\"https:\\\/\\\/schema.org\",\"@graph\":[{\"@type\":\"WebPage\",\"@id\":\"https:\\\/\\\/xometry.com.tr\\\/tr\\\/2026-avrupa-imalat-sektoru-raporu\\\/\",\"url\":\"https:\\\/\\\/xometry.com.tr\\\/tr\\\/2026-avrupa-imalat-sektoru-raporu\\\/\",\"name\":\"2026 Avrupa \u0130malat Sekt\u00f6r\u00fc Raporu| Xometry T\u00fcrkiye\",\"isPartOf\":{\"@id\":\"https:\\\/\\\/xometry.com.tr\\\/tr\\\/#website\"},\"primaryImageOfPage\":{\"@id\":\"https:\\\/\\\/xometry.com.tr\\\/tr\\\/2026-avrupa-imalat-sektoru-raporu\\\/#primaryimage\"},\"image\":{\"@id\":\"https:\\\/\\\/xometry.com.tr\\\/tr\\\/2026-avrupa-imalat-sektoru-raporu\\\/#primaryimage\"},\"thumbnailUrl\":\"https:\\\/\\\/xometry.com.tr\\\/wp-content\\\/uploads\\\/sites\\\/3\\\/2025\\\/10\\\/Manufacturing-Outlook-Europe.png\",\"datePublished\":\"2025-10-02T10:48:35+00:00\",\"dateModified\":\"2025-10-02T15:52:14+00:00\",\"description\":\"2026\u2019da imalat sekt\u00f6r\u00fcn\u00fc \u015fekillendirecek temel trendleri ve stratejileri ke\u015ffedin; rekabette \u00f6ne ge\u00e7in ve b\u00fcy\u00fcmeyi h\u0131zland\u0131r\u0131n.\",\"breadcrumb\":{\"@id\":\"https:\\\/\\\/xometry.com.tr\\\/tr\\\/2026-avrupa-imalat-sektoru-raporu\\\/#breadcrumb\"},\"inLanguage\":\"tr\",\"potentialAction\":[{\"@type\":\"ReadAction\",\"target\":[\"https:\\\/\\\/xometry.com.tr\\\/tr\\\/2026-avrupa-imalat-sektoru-raporu\\\/\"]}]},{\"@type\":\"ImageObject\",\"inLanguage\":\"tr\",\"@id\":\"https:\\\/\\\/xometry.com.tr\\\/tr\\\/2026-avrupa-imalat-sektoru-raporu\\\/#primaryimage\",\"url\":\"https:\\\/\\\/xometry.com.tr\\\/wp-content\\\/uploads\\\/sites\\\/3\\\/2025\\\/10\\\/Manufacturing-Outlook-Europe.png\",\"contentUrl\":\"https:\\\/\\\/xometry.com.tr\\\/wp-content\\\/uploads\\\/sites\\\/3\\\/2025\\\/10\\\/Manufacturing-Outlook-Europe.png\",\"width\":1200,\"height\":628},{\"@type\":\"BreadcrumbList\",\"@id\":\"https:\\\/\\\/xometry.com.tr\\\/tr\\\/2026-avrupa-imalat-sektoru-raporu\\\/#breadcrumb\",\"itemListElement\":[{\"@type\":\"ListItem\",\"position\":1,\"name\":\"Home\",\"item\":\"https:\\\/\\\/xometry.com.tr\\\/tr\\\/\"},{\"@type\":\"ListItem\",\"position\":2,\"name\":\"2026 Manufacturing Outlook: European Edition\"}]},{\"@type\":\"WebSite\",\"@id\":\"https:\\\/\\\/xometry.com.tr\\\/tr\\\/#website\",\"url\":\"https:\\\/\\\/xometry.com.tr\\\/tr\\\/\",\"name\":\"Xometry T\u00fcrkiye\",\"description\":\"\",\"potentialAction\":[{\"@type\":\"SearchAction\",\"target\":{\"@type\":\"EntryPoint\",\"urlTemplate\":\"https:\\\/\\\/xometry.com.tr\\\/tr\\\/?s={search_term_string}\"},\"query-input\":{\"@type\":\"PropertyValueSpecification\",\"valueRequired\":true,\"valueName\":\"search_term_string\"}}],\"inLanguage\":\"tr\"}]}<\/script>\n<!-- \/ Yoast SEO Premium plugin. -->","yoast_head_json":{"title":"2026 Avrupa \u0130malat Sekt\u00f6r\u00fc Raporu| Xometry T\u00fcrkiye","description":"2026\u2019da imalat sekt\u00f6r\u00fcn\u00fc \u015fekillendirecek temel trendleri ve stratejileri ke\u015ffedin; rekabette \u00f6ne ge\u00e7in ve b\u00fcy\u00fcmeyi h\u0131zland\u0131r\u0131n.","robots":{"index":"index","follow":"follow","max-snippet":"max-snippet:-1","max-image-preview":"max-image-preview:large","max-video-preview":"max-video-preview:-1"},"canonical":"https:\/\/xometry.com.tr\/tr\/2026-avrupa-imalat-sektoru-raporu\/","og_locale":"tr_TR","og_type":"article","og_title":"2026 Manufacturing Outlook: European Edition","og_description":"2026\u2019da imalat sekt\u00f6r\u00fcn\u00fc \u015fekillendirecek temel trendleri ve stratejileri ke\u015ffedin; rekabette \u00f6ne ge\u00e7in ve b\u00fcy\u00fcmeyi h\u0131zland\u0131r\u0131n.","og_url":"https:\/\/xometry.com.tr\/tr\/2026-avrupa-imalat-sektoru-raporu\/","og_site_name":"Xometry T\u00fcrkiye","article_modified_time":"2025-10-02T15:52:14+00:00","og_image":[{"width":1200,"height":628,"url":"https:\/\/xometry.com.tr\/wp-content\/uploads\/sites\/3\/2025\/10\/Manufacturing-Outlook-Europe.png","type":"image\/png"}],"twitter_card":"summary_large_image","twitter_misc":{"Tahmini okuma s\u00fcresi":"1 dakika"},"schema":{"@context":"https:\/\/schema.org","@graph":[{"@type":"WebPage","@id":"https:\/\/xometry.com.tr\/tr\/2026-avrupa-imalat-sektoru-raporu\/","url":"https:\/\/xometry.com.tr\/tr\/2026-avrupa-imalat-sektoru-raporu\/","name":"2026 Avrupa \u0130malat Sekt\u00f6r\u00fc Raporu| Xometry T\u00fcrkiye","isPartOf":{"@id":"https:\/\/xometry.com.tr\/tr\/#website"},"primaryImageOfPage":{"@id":"https:\/\/xometry.com.tr\/tr\/2026-avrupa-imalat-sektoru-raporu\/#primaryimage"},"image":{"@id":"https:\/\/xometry.com.tr\/tr\/2026-avrupa-imalat-sektoru-raporu\/#primaryimage"},"thumbnailUrl":"https:\/\/xometry.com.tr\/wp-content\/uploads\/sites\/3\/2025\/10\/Manufacturing-Outlook-Europe.png","datePublished":"2025-10-02T10:48:35+00:00","dateModified":"2025-10-02T15:52:14+00:00","description":"2026\u2019da imalat sekt\u00f6r\u00fcn\u00fc \u015fekillendirecek temel trendleri ve stratejileri ke\u015ffedin; rekabette \u00f6ne ge\u00e7in ve b\u00fcy\u00fcmeyi h\u0131zland\u0131r\u0131n.","breadcrumb":{"@id":"https:\/\/xometry.com.tr\/tr\/2026-avrupa-imalat-sektoru-raporu\/#breadcrumb"},"inLanguage":"tr","potentialAction":[{"@type":"ReadAction","target":["https:\/\/xometry.com.tr\/tr\/2026-avrupa-imalat-sektoru-raporu\/"]}]},{"@type":"ImageObject","inLanguage":"tr","@id":"https:\/\/xometry.com.tr\/tr\/2026-avrupa-imalat-sektoru-raporu\/#primaryimage","url":"https:\/\/xometry.com.tr\/wp-content\/uploads\/sites\/3\/2025\/10\/Manufacturing-Outlook-Europe.png","contentUrl":"https:\/\/xometry.com.tr\/wp-content\/uploads\/sites\/3\/2025\/10\/Manufacturing-Outlook-Europe.png","width":1200,"height":628},{"@type":"BreadcrumbList","@id":"https:\/\/xometry.com.tr\/tr\/2026-avrupa-imalat-sektoru-raporu\/#breadcrumb","itemListElement":[{"@type":"ListItem","position":1,"name":"Home","item":"https:\/\/xometry.com.tr\/tr\/"},{"@type":"ListItem","position":2,"name":"2026 Manufacturing Outlook: European Edition"}]},{"@type":"WebSite","@id":"https:\/\/xometry.com.tr\/tr\/#website","url":"https:\/\/xometry.com.tr\/tr\/","name":"Xometry T\u00fcrkiye","description":"","potentialAction":[{"@type":"SearchAction","target":{"@type":"EntryPoint","urlTemplate":"https:\/\/xometry.com.tr\/tr\/?s={search_term_string}"},"query-input":{"@type":"PropertyValueSpecification","valueRequired":true,"valueName":"search_term_string"}}],"inLanguage":"tr"}]}},"_links":{"self":[{"href":"https:\/\/xometry.com.tr\/tr\/wp-json\/wp\/v2\/pages\/37940","targetHints":{"allow":["GET"]}}],"collection":[{"href":"https:\/\/xometry.com.tr\/tr\/wp-json\/wp\/v2\/pages"}],"about":[{"href":"https:\/\/xometry.com.tr\/tr\/wp-json\/wp\/v2\/types\/page"}],"author":[{"embeddable":true,"href":"https:\/\/xometry.com.tr\/tr\/wp-json\/wp\/v2\/users\/14"}],"replies":[{"embeddable":true,"href":"https:\/\/xometry.com.tr\/tr\/wp-json\/wp\/v2\/comments?post=37940"}],"version-history":[{"count":1,"href":"https:\/\/xometry.com.tr\/tr\/wp-json\/wp\/v2\/pages\/37940\/revisions"}],"predecessor-version":[{"id":37942,"href":"https:\/\/xometry.com.tr\/tr\/wp-json\/wp\/v2\/pages\/37940\/revisions\/37942"}],"wp:featuredmedia":[{"embeddable":true,"href":"https:\/\/xometry.com.tr\/tr\/wp-json\/wp\/v2\/media\/37912"}],"wp:attachment":[{"href":"https:\/\/xometry.com.tr\/tr\/wp-json\/wp\/v2\/media?parent=37940"}],"curies":[{"name":"wp","href":"https:\/\/api.w.org\/{rel}","templated":true}]}}