{"id":38462,"date":"2026-02-24T14:26:06","date_gmt":"2026-02-24T14:26:06","guid":{"rendered":"https:\/\/xometry.com.tr\/rewards-terms\/"},"modified":"2026-03-04T21:08:07","modified_gmt":"2026-03-04T21:08:07","slug":"xometry-odul-programi-katilim-sartlari","status":"publish","type":"page","link":"https:\/\/xometry.com.tr\/tr\/xometry-odul-programi-katilim-sartlari\/","title":{"rendered":"Xometry\u2018s Rewards Program Terms and Conditions"},"content":{"rendered":"","protected":false},"excerpt":{"rendered":"","protected":false},"author":10,"featured_media":0,"parent":0,"menu_order":0,"comment_status":"closed","ping_status":"closed","template":"","meta":{"_acf_changed":false,"inline_featured_image":false,"footnotes":""},"class_list":["post-38462","page","type-page","status-publish","hentry"],"acf":[],"yoast_head":"<!-- This site is optimized with the Yoast SEO Premium plugin v20.5 (Yoast SEO v27.1.1) - https:\/\/yoast.com\/product\/yoast-seo-premium-wordpress\/ -->\n<title>Xometry \u00d6d\u00fcl Program\u0131na Kat\u0131l\u0131m \u015eartlar\u0131 ve Ko\u015fullar\u0131 | Xometry T\u00fcrkiye<\/title>\n<meta name=\"description\" content=\"Xometry \u00f6d\u00fcl program\u0131na kat\u0131l\u0131m i\u00e7in \u015eartlar ve Ko\u015fullar (\u00d6d\u00fcl Program\u0131 \u015eartlar\u0131 ve Ko\u015fullar\u0131).\" \/>\n<meta name=\"robots\" content=\"index, follow, max-snippet:-1, max-image-preview:large, max-video-preview:-1\" \/>\n<link rel=\"canonical\" href=\"https:\/\/xometry.com.tr\/tr\/xometry-odul-programi-katilim-sartlari\/\" \/>\n<meta property=\"og:locale\" content=\"tr_TR\" \/>\n<meta property=\"og:type\" content=\"article\" \/>\n<meta property=\"og:title\" content=\"Xometry\u2018s Rewards Program Terms and Conditions\" \/>\n<meta property=\"og:description\" content=\"Xometry \u00f6d\u00fcl program\u0131na kat\u0131l\u0131m i\u00e7in \u015eartlar ve Ko\u015fullar (\u00d6d\u00fcl Program\u0131 \u015eartlar\u0131 ve Ko\u015fullar\u0131).\" \/>\n<meta property=\"og:url\" content=\"https:\/\/xometry.com.tr\/tr\/xometry-odul-programi-katilim-sartlari\/\" \/>\n<meta property=\"og:site_name\" content=\"Xometry T\u00fcrkiye\" \/>\n<meta property=\"article:modified_time\" content=\"2026-03-04T21:08:07+00:00\" \/>\n<meta name=\"twitter:card\" content=\"summary_large_image\" \/>\n<script type=\"application\/ld+json\" class=\"yoast-schema-graph\">{\"@context\":\"https:\/\/schema.org\",\"@graph\":[{\"@type\":\"WebPage\",\"@id\":\"https:\/\/xometry.com.tr\/tr\/xometry-odul-programi-katilim-sartlari\/\",\"url\":\"https:\/\/xometry.com.tr\/tr\/xometry-odul-programi-katilim-sartlari\/\",\"name\":\"Xometry \u00d6d\u00fcl Program\u0131na Kat\u0131l\u0131m \u015eartlar\u0131 ve Ko\u015fullar\u0131 | Xometry T\u00fcrkiye\",\"isPartOf\":{\"@id\":\"https:\/\/xometry.com.tr\/tr\/#website\"},\"datePublished\":\"2026-02-24T14:26:06+00:00\",\"dateModified\":\"2026-03-04T21:08:07+00:00\",\"description\":\"Xometry \u00f6d\u00fcl program\u0131na kat\u0131l\u0131m i\u00e7in \u015eartlar ve Ko\u015fullar (\u00d6d\u00fcl Program\u0131 \u015eartlar\u0131 ve Ko\u015fullar\u0131).\",\"breadcrumb\":{\"@id\":\"https:\/\/xometry.com.tr\/tr\/xometry-odul-programi-katilim-sartlari\/#breadcrumb\"},\"inLanguage\":\"tr\",\"potentialAction\":[{\"@type\":\"ReadAction\",\"target\":[\"https:\/\/xometry.com.tr\/tr\/xometry-odul-programi-katilim-sartlari\/\"]}]},{\"@type\":\"BreadcrumbList\",\"@id\":\"https:\/\/xometry.com.tr\/tr\/xometry-odul-programi-katilim-sartlari\/#breadcrumb\",\"itemListElement\":[{\"@type\":\"ListItem\",\"position\":1,\"name\":\"Home\",\"item\":\"https:\/\/xometry.com.tr\/tr\/\"},{\"@type\":\"ListItem\",\"position\":2,\"name\":\"Xometry\u2018s Rewards Program Terms and Conditions\"}]},{\"@type\":\"WebSite\",\"@id\":\"https:\/\/xometry.com.tr\/tr\/#website\",\"url\":\"https:\/\/xometry.com.tr\/tr\/\",\"name\":\"Xometry T\u00fcrkiye\",\"description\":\"\",\"potentialAction\":[{\"@type\":\"SearchAction\",\"target\":{\"@type\":\"EntryPoint\",\"urlTemplate\":\"https:\/\/xometry.com.tr\/tr\/?s={search_term_string}\"},\"query-input\":{\"@type\":\"PropertyValueSpecification\",\"valueRequired\":true,\"valueName\":\"search_term_string\"}}],\"inLanguage\":\"tr\"}]}<\/script>\n<!-- \/ Yoast SEO Premium plugin. -->","yoast_head_json":{"title":"Xometry \u00d6d\u00fcl Program\u0131na Kat\u0131l\u0131m \u015eartlar\u0131 ve Ko\u015fullar\u0131 | Xometry T\u00fcrkiye","description":"Xometry \u00f6d\u00fcl program\u0131na kat\u0131l\u0131m i\u00e7in \u015eartlar ve Ko\u015fullar (\u00d6d\u00fcl Program\u0131 \u015eartlar\u0131 ve Ko\u015fullar\u0131).","robots":{"index":"index","follow":"follow","max-snippet":"max-snippet:-1","max-image-preview":"max-image-preview:large","max-video-preview":"max-video-preview:-1"},"canonical":"https:\/\/xometry.com.tr\/tr\/xometry-odul-programi-katilim-sartlari\/","og_locale":"tr_TR","og_type":"article","og_title":"Xometry\u2018s Rewards Program Terms and Conditions","og_description":"Xometry \u00f6d\u00fcl program\u0131na kat\u0131l\u0131m i\u00e7in \u015eartlar ve Ko\u015fullar (\u00d6d\u00fcl Program\u0131 \u015eartlar\u0131 ve Ko\u015fullar\u0131).","og_url":"https:\/\/xometry.com.tr\/tr\/xometry-odul-programi-katilim-sartlari\/","og_site_name":"Xometry T\u00fcrkiye","article_modified_time":"2026-03-04T21:08:07+00:00","twitter_card":"summary_large_image","schema":{"@context":"https:\/\/schema.org","@graph":[{"@type":"WebPage","@id":"https:\/\/xometry.com.tr\/tr\/xometry-odul-programi-katilim-sartlari\/","url":"https:\/\/xometry.com.tr\/tr\/xometry-odul-programi-katilim-sartlari\/","name":"Xometry \u00d6d\u00fcl Program\u0131na Kat\u0131l\u0131m \u015eartlar\u0131 ve Ko\u015fullar\u0131 | Xometry T\u00fcrkiye","isPartOf":{"@id":"https:\/\/xometry.com.tr\/tr\/#website"},"datePublished":"2026-02-24T14:26:06+00:00","dateModified":"2026-03-04T21:08:07+00:00","description":"Xometry \u00f6d\u00fcl program\u0131na kat\u0131l\u0131m i\u00e7in \u015eartlar ve Ko\u015fullar (\u00d6d\u00fcl Program\u0131 \u015eartlar\u0131 ve Ko\u015fullar\u0131).","breadcrumb":{"@id":"https:\/\/xometry.com.tr\/tr\/xometry-odul-programi-katilim-sartlari\/#breadcrumb"},"inLanguage":"tr","potentialAction":[{"@type":"ReadAction","target":["https:\/\/xometry.com.tr\/tr\/xometry-odul-programi-katilim-sartlari\/"]}]},{"@type":"BreadcrumbList","@id":"https:\/\/xometry.com.tr\/tr\/xometry-odul-programi-katilim-sartlari\/#breadcrumb","itemListElement":[{"@type":"ListItem","position":1,"name":"Home","item":"https:\/\/xometry.com.tr\/tr\/"},{"@type":"ListItem","position":2,"name":"Xometry\u2018s Rewards Program Terms and Conditions"}]},{"@type":"WebSite","@id":"https:\/\/xometry.com.tr\/tr\/#website","url":"https:\/\/xometry.com.tr\/tr\/","name":"Xometry T\u00fcrkiye","description":"","potentialAction":[{"@type":"SearchAction","target":{"@type":"EntryPoint","urlTemplate":"https:\/\/xometry.com.tr\/tr\/?s={search_term_string}"},"query-input":{"@type":"PropertyValueSpecification","valueRequired":true,"valueName":"search_term_string"}}],"inLanguage":"tr"}]}},"_links":{"self":[{"href":"https:\/\/xometry.com.tr\/tr\/wp-json\/wp\/v2\/pages\/38462","targetHints":{"allow":["GET"]}}],"collection":[{"href":"https:\/\/xometry.com.tr\/tr\/wp-json\/wp\/v2\/pages"}],"about":[{"href":"https:\/\/xometry.com.tr\/tr\/wp-json\/wp\/v2\/types\/page"}],"author":[{"embeddable":true,"href":"https:\/\/xometry.com.tr\/tr\/wp-json\/wp\/v2\/users\/10"}],"replies":[{"embeddable":true,"href":"https:\/\/xometry.com.tr\/tr\/wp-json\/wp\/v2\/comments?post=38462"}],"version-history":[{"count":1,"href":"https:\/\/xometry.com.tr\/tr\/wp-json\/wp\/v2\/pages\/38462\/revisions"}],"predecessor-version":[{"id":38464,"href":"https:\/\/xometry.com.tr\/tr\/wp-json\/wp\/v2\/pages\/38462\/revisions\/38464"}],"wp:attachment":[{"href":"https:\/\/xometry.com.tr\/tr\/wp-json\/wp\/v2\/media?parent=38462"}],"curies":[{"name":"wp","href":"https:\/\/api.w.org\/{rel}","templated":true}]}}