{"id":4206,"date":"2023-01-16T13:56:45","date_gmt":"2023-01-16T13:56:45","guid":{"rendered":"https:\/\/staging_wp.xometry.com.tr\/quality-assurance\/"},"modified":"2025-05-07T07:56:48","modified_gmt":"2025-05-07T07:56:48","slug":"kalite-guvencesi","status":"publish","type":"page","link":"https:\/\/xometry.com.tr\/tr\/kalite-guvencesi\/","title":{"rendered":"Kalite G\u00fcvencesi &amp; Kontrol"},"content":{"rendered":"","protected":false},"excerpt":{"rendered":"","protected":false},"author":11,"featured_media":0,"parent":0,"menu_order":0,"comment_status":"closed","ping_status":"closed","template":"","meta":{"_acf_changed":false,"inline_featured_image":false,"footnotes":""},"class_list":["post-4206","page","type-page","status-publish","hentry"],"acf":[],"yoast_head":"<!-- This site is optimized with the Yoast SEO Premium plugin v20.5 (Yoast SEO v27.1.1) - https:\/\/yoast.com\/product\/yoast-seo-premium-wordpress\/ -->\n<title>Kalite G\u00fcvencesi &amp; Kontrol | Xometry T\u00fcrkiye<\/title>\n<meta name=\"description\" content=\"Xometry, talebe \u00f6zel par\u00e7alar\u0131n\u0131z i\u00e7in en y\u00fcksek \u00fcretim standartlar\u0131n\u0131 sa\u011flayacak titiz kalite kontrol s\u00fcre\u00e7leri y\u00fcr\u00fct\u00fcr. Xometry ISO 9001 sertifikal\u0131d\u0131r.\" \/>\n<meta name=\"robots\" content=\"index, follow, max-snippet:-1, max-image-preview:large, max-video-preview:-1\" \/>\n<link rel=\"canonical\" href=\"https:\/\/xometry.com.tr\/tr\/kalite-guvencesi\/\" \/>\n<meta property=\"og:locale\" content=\"tr_TR\" \/>\n<meta property=\"og:type\" content=\"article\" \/>\n<meta property=\"og:title\" content=\"Kalite G\u00fcvencesi &amp; Kontrol | Xometry T\u00fcrkiye\" \/>\n<meta property=\"og:description\" content=\"Xometry, talebe \u00f6zel par\u00e7alar\u0131n\u0131z i\u00e7in en y\u00fcksek \u00fcretim standartlar\u0131n\u0131 sa\u011flayacak titiz kalite kontrol s\u00fcre\u00e7leri y\u00fcr\u00fct\u00fcr. Xometry ISO 9001 sertifikal\u0131d\u0131r.\" \/>\n<meta property=\"og:url\" content=\"https:\/\/xometry.com.tr\/tr\/kalite-guvencesi\/\" \/>\n<meta property=\"og:site_name\" content=\"Xometry T\u00fcrkiye\" \/>\n<meta property=\"article:modified_time\" content=\"2025-05-07T07:56:48+00:00\" \/>\n<meta name=\"twitter:card\" content=\"summary_large_image\" \/>\n<meta name=\"twitter:title\" content=\"Kalite G\u00fcvencesi &amp; Kontrol | Xometry T\u00fcrkiye\" \/>\n<meta name=\"twitter:description\" content=\"Xometry, talebe \u00f6zel par\u00e7alar\u0131n\u0131z i\u00e7in en y\u00fcksek \u00fcretim standartlar\u0131n\u0131 sa\u011flayacak titiz kalite kontrol s\u00fcre\u00e7leri y\u00fcr\u00fct\u00fcr. Xometry ISO 9001 sertifikal\u0131d\u0131r.\" \/>\n<script type=\"application\/ld+json\" class=\"yoast-schema-graph\">{\"@context\":\"https:\/\/schema.org\",\"@graph\":[{\"@type\":\"WebPage\",\"@id\":\"https:\/\/xometry.com.tr\/tr\/kalite-guvencesi\/\",\"url\":\"https:\/\/xometry.com.tr\/tr\/kalite-guvencesi\/\",\"name\":\"Kalite G\u00fcvencesi & Kontrol | Xometry T\u00fcrkiye\",\"isPartOf\":{\"@id\":\"https:\/\/xometry.com.tr\/tr\/#website\"},\"datePublished\":\"2023-01-16T13:56:45+00:00\",\"dateModified\":\"2025-05-07T07:56:48+00:00\",\"description\":\"Xometry, talebe \u00f6zel par\u00e7alar\u0131n\u0131z i\u00e7in en y\u00fcksek \u00fcretim standartlar\u0131n\u0131 sa\u011flayacak titiz kalite kontrol s\u00fcre\u00e7leri y\u00fcr\u00fct\u00fcr. Xometry ISO 9001 sertifikal\u0131d\u0131r.\",\"breadcrumb\":{\"@id\":\"https:\/\/xometry.com.tr\/tr\/kalite-guvencesi\/#breadcrumb\"},\"inLanguage\":\"tr\",\"potentialAction\":[{\"@type\":\"ReadAction\",\"target\":[\"https:\/\/xometry.com.tr\/tr\/kalite-guvencesi\/\"]}]},{\"@type\":\"BreadcrumbList\",\"@id\":\"https:\/\/xometry.com.tr\/tr\/kalite-guvencesi\/#breadcrumb\",\"itemListElement\":[{\"@type\":\"ListItem\",\"position\":1,\"name\":\"Home\",\"item\":\"https:\/\/xometry.com.tr\/tr\/\"},{\"@type\":\"ListItem\",\"position\":2,\"name\":\"Kalite G\u00fcvencesi &amp; Kontrol\"}]},{\"@type\":\"WebSite\",\"@id\":\"https:\/\/xometry.com.tr\/tr\/#website\",\"url\":\"https:\/\/xometry.com.tr\/tr\/\",\"name\":\"Xometry T\u00fcrkiye\",\"description\":\"\",\"potentialAction\":[{\"@type\":\"SearchAction\",\"target\":{\"@type\":\"EntryPoint\",\"urlTemplate\":\"https:\/\/xometry.com.tr\/tr\/?s={search_term_string}\"},\"query-input\":{\"@type\":\"PropertyValueSpecification\",\"valueRequired\":true,\"valueName\":\"search_term_string\"}}],\"inLanguage\":\"tr\"}]}<\/script>\n<!-- \/ Yoast SEO Premium plugin. -->","yoast_head_json":{"title":"Kalite G\u00fcvencesi & Kontrol | Xometry T\u00fcrkiye","description":"Xometry, talebe \u00f6zel par\u00e7alar\u0131n\u0131z i\u00e7in en y\u00fcksek \u00fcretim standartlar\u0131n\u0131 sa\u011flayacak titiz kalite kontrol s\u00fcre\u00e7leri y\u00fcr\u00fct\u00fcr. Xometry ISO 9001 sertifikal\u0131d\u0131r.","robots":{"index":"index","follow":"follow","max-snippet":"max-snippet:-1","max-image-preview":"max-image-preview:large","max-video-preview":"max-video-preview:-1"},"canonical":"https:\/\/xometry.com.tr\/tr\/kalite-guvencesi\/","og_locale":"tr_TR","og_type":"article","og_title":"Kalite G\u00fcvencesi & Kontrol | Xometry T\u00fcrkiye","og_description":"Xometry, talebe \u00f6zel par\u00e7alar\u0131n\u0131z i\u00e7in en y\u00fcksek \u00fcretim standartlar\u0131n\u0131 sa\u011flayacak titiz kalite kontrol s\u00fcre\u00e7leri y\u00fcr\u00fct\u00fcr. Xometry ISO 9001 sertifikal\u0131d\u0131r.","og_url":"https:\/\/xometry.com.tr\/tr\/kalite-guvencesi\/","og_site_name":"Xometry T\u00fcrkiye","article_modified_time":"2025-05-07T07:56:48+00:00","twitter_card":"summary_large_image","twitter_title":"Kalite G\u00fcvencesi & Kontrol | Xometry T\u00fcrkiye","twitter_description":"Xometry, talebe \u00f6zel par\u00e7alar\u0131n\u0131z i\u00e7in en y\u00fcksek \u00fcretim standartlar\u0131n\u0131 sa\u011flayacak titiz kalite kontrol s\u00fcre\u00e7leri y\u00fcr\u00fct\u00fcr. Xometry ISO 9001 sertifikal\u0131d\u0131r.","schema":{"@context":"https:\/\/schema.org","@graph":[{"@type":"WebPage","@id":"https:\/\/xometry.com.tr\/tr\/kalite-guvencesi\/","url":"https:\/\/xometry.com.tr\/tr\/kalite-guvencesi\/","name":"Kalite G\u00fcvencesi & Kontrol | Xometry T\u00fcrkiye","isPartOf":{"@id":"https:\/\/xometry.com.tr\/tr\/#website"},"datePublished":"2023-01-16T13:56:45+00:00","dateModified":"2025-05-07T07:56:48+00:00","description":"Xometry, talebe \u00f6zel par\u00e7alar\u0131n\u0131z i\u00e7in en y\u00fcksek \u00fcretim standartlar\u0131n\u0131 sa\u011flayacak titiz kalite kontrol s\u00fcre\u00e7leri y\u00fcr\u00fct\u00fcr. Xometry ISO 9001 sertifikal\u0131d\u0131r.","breadcrumb":{"@id":"https:\/\/xometry.com.tr\/tr\/kalite-guvencesi\/#breadcrumb"},"inLanguage":"tr","potentialAction":[{"@type":"ReadAction","target":["https:\/\/xometry.com.tr\/tr\/kalite-guvencesi\/"]}]},{"@type":"BreadcrumbList","@id":"https:\/\/xometry.com.tr\/tr\/kalite-guvencesi\/#breadcrumb","itemListElement":[{"@type":"ListItem","position":1,"name":"Home","item":"https:\/\/xometry.com.tr\/tr\/"},{"@type":"ListItem","position":2,"name":"Kalite G\u00fcvencesi &amp; Kontrol"}]},{"@type":"WebSite","@id":"https:\/\/xometry.com.tr\/tr\/#website","url":"https:\/\/xometry.com.tr\/tr\/","name":"Xometry T\u00fcrkiye","description":"","potentialAction":[{"@type":"SearchAction","target":{"@type":"EntryPoint","urlTemplate":"https:\/\/xometry.com.tr\/tr\/?s={search_term_string}"},"query-input":{"@type":"PropertyValueSpecification","valueRequired":true,"valueName":"search_term_string"}}],"inLanguage":"tr"}]}},"_links":{"self":[{"href":"https:\/\/xometry.com.tr\/tr\/wp-json\/wp\/v2\/pages\/4206","targetHints":{"allow":["GET"]}}],"collection":[{"href":"https:\/\/xometry.com.tr\/tr\/wp-json\/wp\/v2\/pages"}],"about":[{"href":"https:\/\/xometry.com.tr\/tr\/wp-json\/wp\/v2\/types\/page"}],"author":[{"embeddable":true,"href":"https:\/\/xometry.com.tr\/tr\/wp-json\/wp\/v2\/users\/11"}],"replies":[{"embeddable":true,"href":"https:\/\/xometry.com.tr\/tr\/wp-json\/wp\/v2\/comments?post=4206"}],"version-history":[{"count":23,"href":"https:\/\/xometry.com.tr\/tr\/wp-json\/wp\/v2\/pages\/4206\/revisions"}],"predecessor-version":[{"id":37223,"href":"https:\/\/xometry.com.tr\/tr\/wp-json\/wp\/v2\/pages\/4206\/revisions\/37223"}],"wp:attachment":[{"href":"https:\/\/xometry.com.tr\/tr\/wp-json\/wp\/v2\/media?parent=4206"}],"curies":[{"name":"wp","href":"https:\/\/api.w.org\/{rel}","templated":true}]}}